{"id":17763,"date":"2026-02-12T10:48:14","date_gmt":"2026-02-12T10:48:14","guid":{"rendered":"https:\/\/wine.mnews.md\/produs\/rose-2\/"},"modified":"2026-02-12T10:48:14","modified_gmt":"2026-02-12T10:48:14","slug":"rose-2","status":"publish","type":"product","link":"https:\/\/wine.mnews.md\/en\/produs\/rose-2\/","title":{"rendered":"Ros\u00e9"},"content":{"rendered":"<p>[vc_row][vc_column][vc_tta_tabs][vc_tta_section title=&#8221;PERSONALITATEA VINULUI&#8221; tab_id=&#8221;1762951212185-e739d3a2-be2f&#8221;][vc_column_text]Un vin ros\u00e9 seduc\u0103tor, cu o nuan\u021b\u0103 delicat\u0103 de trandafir pal. Aromele fine de c\u0103p\u0219une, zmeur\u0103 \u0219i flori de c\u00e2mp se \u00eempletesc armonios cu accente subtile de citrice. Gustul este proasp\u0103t \u0219i echilibrat, cu o textur\u0103 catifelat\u0103 \u0219i un final dominat de note fructate \u0219i o mineralitate elegant\u0103.[\/vc_column_text][\/vc_tta_section][vc_tta_section title=&#8221;VINIFICARE&#8221; tab_id=&#8221;1762951212196-706c41d5-7dce&#8221;][vc_column_text]Ob\u021binut prin presare u\u0219oar\u0103 a strugurilor de Cabernet Sauvignon \u0219i Rar\u0103 Neagr\u0103, recolta\u021bi manual. Fermentarea are loc \u00een vase din inox la temperatur\u0103 controlat\u0103 de 14\u00b0\u0421 \u2013 16\u00b0\u0421.[\/vc_column_text][\/vc_tta_section][vc_tta_section title=&#8221;ASOCIERI CULINARE&#8221; tab_id=&#8221;1762951291717-0f298780-1135&#8243;][vc_column_text]Ideal pentru momente relaxante \u0219i mese lejere, acest ros\u00e9 se potrive\u0219te perfect cu salate mediteraneene, fructe de mare, br\u00e2nzeturi moi sau carne alb\u0103 la gr\u0103tar.[\/vc_column_text][\/vc_tta_section][\/vc_tta_tabs][\/vc_column][\/vc_row]<\/p>\n","protected":false},"excerpt":{"rendered":"<p>[vc_row][vc_column][vc_tta_tabs][vc_tta_section title=&#8221;PERSONALITATEA VINULUI&#8221; tab_id=&#8221;1762951212185-e739d3a2-be2f&#8221;][vc_column_text]Un vin ros\u00e9 seduc\u0103tor, cu o nuan\u021b\u0103 delicat\u0103 de trandafir pal. Aromele fine de c\u0103p\u0219une, zmeur\u0103 \u0219i flori de c\u00e2mp se \u00eempletesc armonios cu accente subtile de citrice. Gustul este proasp\u0103t \u0219i echilibrat, cu o textur\u0103 catifelat\u0103 \u0219i un final dominat de note fructate \u0219i o mineralitate elegant\u0103.[\/vc_column_text][\/vc_tta_section][vc_tta_section title=&#8221;VINIFICARE&#8221; tab_id=&#8221;1762951212196-706c41d5-7dce&#8221;][vc_column_text]Ob\u021binut prin presare<br class=\"read-more-spacer\"> <a class=\"more-link\" href=\"https:\/\/wine.mnews.md\/en\/produs\/rose-2\/\">Read More<\/a><\/p>\n","protected":false},"featured_media":17556,"template":"","meta":[],"product_cat":[210],"product_tag":[],"class_list":["post-17763","product","type-product","status-publish","has-post-thumbnail","hentry","product_cat-valverde-en"],"_links":{"self":[{"href":"https:\/\/wine.mnews.md\/en\/wp-json\/wp\/v2\/product\/17763","targetHints":{"allow":["GET"]}}],"collection":[{"href":"https:\/\/wine.mnews.md\/en\/wp-json\/wp\/v2\/product"}],"about":[{"href":"https:\/\/wine.mnews.md\/en\/wp-json\/wp\/v2\/types\/product"}],"wp:featuredmedia":[{"embeddable":true,"href":"https:\/\/wine.mnews.md\/en\/wp-json\/wp\/v2\/media\/17556"}],"wp:attachment":[{"href":"https:\/\/wine.mnews.md\/en\/wp-json\/wp\/v2\/media?parent=17763"}],"wp:term":[{"taxonomy":"product_cat","embeddable":true,"href":"https:\/\/wine.mnews.md\/en\/wp-json\/wp\/v2\/product_cat?post=17763"},{"taxonomy":"product_tag","embeddable":true,"href":"https:\/\/wine.mnews.md\/en\/wp-json\/wp\/v2\/product_tag?post=17763"}],"curies":[{"name":"wp","href":"https:\/\/api.w.org\/{rel}","templated":true}]}}