{"id":14679,"date":"2023-11-13T09:56:16","date_gmt":"2023-11-13T09:56:16","guid":{"rendered":"https:\/\/wine.mnews.md\/produs\/rose\/"},"modified":"2025-12-16T12:56:36","modified_gmt":"2025-12-16T12:56:36","slug":"rose","status":"publish","type":"product","link":"https:\/\/wine.mnews.md\/en\/produs\/rose\/","title":{"rendered":"Ros\u00e9"},"content":{"rendered":"<p>[vc_row][vc_column][vc_tta_tabs][vc_tta_section title=&#8221;Personalitatea Vinului&#8221; tab_id=&#8221;1699868979644-015eb082-b054&#8243;][vc_column_text]Cuceritor prin aromele de c\u0103pu\u0219uni, \u00eembog\u0103\u021bite de arome delicate de lychee \u0219i mandarin\u0103. Adus la o structur\u0103 opulent\u0103 prin strugurii cule\u0219i diminea\u021ba devreme \u0219i maturare timp de 3 luni \u00een butoi fran\u021buzesc. Un acord savuros gustativ de piersici albe, fructe exotice ce formeaz\u0103 un palat revigorant \u0219i cremos. De o elegan\u021b\u0103 incomparabil\u0103, este un episod emblematic din continua poveste a fiicei fondatorului- Dina.[\/vc_column_text][\/vc_tta_section][vc_tta_section title=&#8221;Vinificare&#8221; tab_id=&#8221;1699868979653-25ed7308-0d6d&#8221;][vc_column_text]Ob\u0163inut din struguri recolta\u0163i manual la sf\u00eer\u0219itul lunii septembrie, vinifica\u0163i prin metoda tradi\u0163ional\u0103. Procesul de macerare este unul de scurt\u0103 durat\u0103, astfel \u00eenc\u00e2t culoarea s\u0103 nu vireze spre cea a vinului ro\u015fu. Fermentarea se petrece \u00een vase din inox la temperatur\u0103 controlat\u0103 de 14\u00b0\u0421 \u2013 16\u00b0\u0421. Maturat timp de 3 luni \u00een barrique fran\u021buzesc de stejar.[\/vc_column_text][\/vc_tta_section][vc_tta_section title=&#8221;Asocieri Culinare&#8221; tab_id=&#8221;1699869023512-308e5abe-208b&#8221;][vc_column_text]Se \u00eemplete\u0219te cu gastronomia eclectic\u0103, dominat\u0103 de aperitive vegetariene, bucate inspirate de var\u0103 sau feluri cu accente cremoase.[\/vc_column_text][\/vc_tta_section][\/vc_tta_tabs][\/vc_column][\/vc_row]<\/p>\n","protected":false},"excerpt":{"rendered":"<hr \/>\n<hr \/>\n<p>&nbsp;<\/p>\n","protected":false},"featured_media":14604,"template":"","meta":[],"product_cat":[49],"product_tag":[],"class_list":["post-14679","product","type-product","status-publish","has-post-thumbnail","hentry","product_cat-vinograf-en"],"_links":{"self":[{"href":"https:\/\/wine.mnews.md\/en\/wp-json\/wp\/v2\/product\/14679","targetHints":{"allow":["GET"]}}],"collection":[{"href":"https:\/\/wine.mnews.md\/en\/wp-json\/wp\/v2\/product"}],"about":[{"href":"https:\/\/wine.mnews.md\/en\/wp-json\/wp\/v2\/types\/product"}],"wp:featuredmedia":[{"embeddable":true,"href":"https:\/\/wine.mnews.md\/en\/wp-json\/wp\/v2\/media\/14604"}],"wp:attachment":[{"href":"https:\/\/wine.mnews.md\/en\/wp-json\/wp\/v2\/media?parent=14679"}],"wp:term":[{"taxonomy":"product_cat","embeddable":true,"href":"https:\/\/wine.mnews.md\/en\/wp-json\/wp\/v2\/product_cat?post=14679"},{"taxonomy":"product_tag","embeddable":true,"href":"https:\/\/wine.mnews.md\/en\/wp-json\/wp\/v2\/product_tag?post=14679"}],"curies":[{"name":"wp","href":"https:\/\/api.w.org\/{rel}","templated":true}]}}