{"id":14678,"date":"2023-11-13T10:06:34","date_gmt":"2023-11-13T10:06:34","guid":{"rendered":"https:\/\/wine.mnews.md\/produs\/saperavi\/"},"modified":"2025-12-16T12:57:26","modified_gmt":"2025-12-16T12:57:26","slug":"saperavi","status":"publish","type":"product","link":"https:\/\/wine.mnews.md\/en\/produs\/saperavi\/","title":{"rendered":"Saperavi"},"content":{"rendered":"<p>[vc_row][vc_column][vc_tta_tabs][vc_tta_section title=&#8221;Personalitatea Vinului&#8221; tab_id=&#8221;1699869697704-0f893141-98c8&#8243;][vc_column_text]O parte dintr-o continu\u0103 art\u0103 a vinificatorului Sergiu &#8211; creat din strugurii Saperavi colecta\u021bi manual la \u00eenceputul lunii octombrie, din parcele selecte ale familiei. Un vin de o culoare intens\u0103 rubiniu, urmat de arome ce reamintesc fructe de p\u0103dure precum coac\u0103za neagr\u0103. Acestea sunt armonios urmate de o simfonie gustativ\u0103 de note de mure, ciocolat\u0103 \u0219i lemn dulce. Personalitatea este conturat\u0103 de maturarea \u00een baric fran\u021buzesc timp de 12 luni \u0219i reliefeaz\u0103 un final gustativ opulent.[\/vc_column_text][\/vc_tta_section][vc_tta_section title=&#8221;Vinificare&#8221; tab_id=&#8221;1699869697709-831418eb-8718&#8243;][vc_column_text]Vinul este produs dup\u0103 tehnologie clasic\u0103. Macerarea &#8211; fermentarea \u00eendelungat\u0103 este realizat\u0103 \u00een ferment\u0103toare din inox, cu reglarea temperaturii de 24-28\u00b0\u0421., dup\u0103 care urmeaz\u0103 fermentarea malolactic\u0103 \u015fi maturarea \u00een baricuri timp de 12 luni.[\/vc_column_text][\/vc_tta_section][vc_tta_section title=&#8221;Asocieri Culinare&#8221; tab_id=&#8221;1699869736696-ac9de9e5-a9b0&#8243;][vc_column_text]Delicat \u0219i echilibrat, al\u0103turi de o gam\u0103 larg\u0103 de bucate, precum cele din carne ro\u0219ie u\u0219or condimentate sau re\u021bete inspirate din buc\u0103t\u0103ria fran\u021buzeasc\u0103.[\/vc_column_text][\/vc_tta_section][\/vc_tta_tabs][\/vc_column][\/vc_row]<\/p>\n","protected":false},"excerpt":{"rendered":"<p>[vc_row][vc_column][vc_tta_tabs][vc_tta_section title=&#8221;Personalitatea Vinului&#8221; tab_id=&#8221;1699869697704-0f893141-98c8&#8243;][vc_column_text]O parte dintr-o continu\u0103 art\u0103 a vinificatorului Sergiu &#8211; creat din strugurii Saperavi colecta\u021bi manual la \u00eenceputul lunii octombrie, din parcele selecte ale familiei. Un vin de o culoare intens\u0103 rubiniu, urmat de arome ce reamintesc fructe de p\u0103dure precum coac\u0103za neagr\u0103. Acestea sunt armonios urmate de o simfonie gustativ\u0103 de note<br class=\"read-more-spacer\"> <a class=\"more-link\" href=\"https:\/\/wine.mnews.md\/en\/produs\/saperavi\/\">Read More<\/a><\/p>\n","protected":false},"featured_media":17524,"template":"","meta":[],"product_cat":[49],"product_tag":[],"class_list":["post-14678","product","type-product","status-publish","has-post-thumbnail","hentry","product_cat-vinograf-en"],"_links":{"self":[{"href":"https:\/\/wine.mnews.md\/en\/wp-json\/wp\/v2\/product\/14678","targetHints":{"allow":["GET"]}}],"collection":[{"href":"https:\/\/wine.mnews.md\/en\/wp-json\/wp\/v2\/product"}],"about":[{"href":"https:\/\/wine.mnews.md\/en\/wp-json\/wp\/v2\/types\/product"}],"wp:featuredmedia":[{"embeddable":true,"href":"https:\/\/wine.mnews.md\/en\/wp-json\/wp\/v2\/media\/17524"}],"wp:attachment":[{"href":"https:\/\/wine.mnews.md\/en\/wp-json\/wp\/v2\/media?parent=14678"}],"wp:term":[{"taxonomy":"product_cat","embeddable":true,"href":"https:\/\/wine.mnews.md\/en\/wp-json\/wp\/v2\/product_cat?post=14678"},{"taxonomy":"product_tag","embeddable":true,"href":"https:\/\/wine.mnews.md\/en\/wp-json\/wp\/v2\/product_tag?post=14678"}],"curies":[{"name":"wp","href":"https:\/\/api.w.org\/{rel}","templated":true}]}}