{"id":14677,"date":"2023-11-13T13:14:41","date_gmt":"2023-11-13T13:14:41","guid":{"rendered":"https:\/\/wine.mnews.md\/produs\/cabernet-sauvignon\/"},"modified":"2025-11-18T10:26:51","modified_gmt":"2025-11-18T10:26:51","slug":"cabernet-sauvignon","status":"publish","type":"product","link":"https:\/\/wine.mnews.md\/en\/produs\/cabernet-sauvignon\/","title":{"rendered":"Cabernet Sauvignon"},"content":{"rendered":"<p>[vc_row][vc_column][vc_tta_tabs][vc_tta_section title=&#8221;Personalitatea Vinului&#8221; tab_id=&#8221;1699881016225-4cf7e54c-b6a7&#8243;][vc_column_text]Un vin ambi\u0163ios ce ne cucere\u015fte cu aroma notelor sale intense de fructe negre \u015fi condiment. Posed\u0103 o culoare ro\u015fu rubiniu intens. Gustativ, reg\u0103sim murele \u015fi afinile coapte, note fine de cafea proasp\u0103t m\u0103cinat\u0103. Strictura generoas\u0103 \u00eei ofer\u0103 vinului personalitate \u015fi o textur\u0103 fin\u0103. Maturat timp de 6 luni.[\/vc_column_text][\/vc_tta_section][vc_tta_section title=&#8221;Vinificare &#8221; tab_id=&#8221;1699881016234-e7cb98a5-d588&#8243;][vc_column_text]Vinul este produs dup\u0103 tehnologie clasic\u0103. Dup\u0103 zdrobire, mustul \u015fi pieli\u0163a strugurilor\u00a0 se\u00a0 las\u0103\u00a0 \u00eempreun\u0103 la macerare- fermentare. Procesul este realizat \u00een ferment\u0103toare din inox \u00eentr-un interval de cinci- \u015fapte zile, cu stap\u00e2nirea\u00a0 temperaturii de 24-28\u00b0\u0421., dup\u0103 care urmeaz\u0103 fermentare malolactic\u0103 \u015fi maturare \u00een baricuri timp de 6 luni.[\/vc_column_text][\/vc_tta_section][vc_tta_section title=&#8221;\u00cembinarea alimentelor&#8221; tab_id=&#8221;1699881060184-0db5f763-7ba3&#8243;][vc_column_text]Un vin corpolent \u015fi intens, acest vin se recomand\u0103 a fi servit al\u0103turi de o varietate de bucate precum steak-ul Argentinian sau ciupercile Portobello \u00een sos de unt.[\/vc_column_text][\/vc_tta_section][\/vc_tta_tabs][\/vc_column][\/vc_row]<\/p>\n","protected":false},"excerpt":{"rendered":"<p>[vc_row][vc_column][vc_tta_tabs][vc_tta_section title=&#8221;Personalitatea Vinului&#8221; tab_id=&#8221;1699881016225-4cf7e54c-b6a7&#8243;][vc_column_text]Un vin ambi\u0163ios ce ne cucere\u015fte cu aroma notelor sale intense de fructe negre \u015fi condiment. Posed\u0103 o culoare ro\u015fu rubiniu intens. Gustativ, reg\u0103sim murele \u015fi afinile coapte, note fine de cafea proasp\u0103t m\u0103cinat\u0103. Strictura generoas\u0103 \u00eei ofer\u0103 vinului personalitate \u015fi o textur\u0103 fin\u0103. Maturat timp de 6 luni.[\/vc_column_text][\/vc_tta_section][vc_tta_section title=&#8221;Vinificare &#8221; tab_id=&#8221;1699881016234-e7cb98a5-d588&#8243;][vc_column_text]Vinul<br class=\"read-more-spacer\"> <a class=\"more-link\" href=\"https:\/\/wine.mnews.md\/en\/produs\/cabernet-sauvignon\/\">Read More<\/a><\/p>\n","protected":false},"featured_media":14614,"template":"","meta":[],"product_cat":[48],"product_tag":[],"class_list":["post-14677","product","type-product","status-publish","has-post-thumbnail","hentry","product_cat-winemakers-way-en"],"_links":{"self":[{"href":"https:\/\/wine.mnews.md\/en\/wp-json\/wp\/v2\/product\/14677","targetHints":{"allow":["GET"]}}],"collection":[{"href":"https:\/\/wine.mnews.md\/en\/wp-json\/wp\/v2\/product"}],"about":[{"href":"https:\/\/wine.mnews.md\/en\/wp-json\/wp\/v2\/types\/product"}],"wp:featuredmedia":[{"embeddable":true,"href":"https:\/\/wine.mnews.md\/en\/wp-json\/wp\/v2\/media\/14614"}],"wp:attachment":[{"href":"https:\/\/wine.mnews.md\/en\/wp-json\/wp\/v2\/media?parent=14677"}],"wp:term":[{"taxonomy":"product_cat","embeddable":true,"href":"https:\/\/wine.mnews.md\/en\/wp-json\/wp\/v2\/product_cat?post=14677"},{"taxonomy":"product_tag","embeddable":true,"href":"https:\/\/wine.mnews.md\/en\/wp-json\/wp\/v2\/product_tag?post=14677"}],"curies":[{"name":"wp","href":"https:\/\/api.w.org\/{rel}","templated":true}]}}