{"id":14676,"date":"2023-11-13T13:25:42","date_gmt":"2023-11-13T13:25:42","guid":{"rendered":"https:\/\/wine.mnews.md\/produs\/rara-neagra\/"},"modified":"2023-11-13T13:25:42","modified_gmt":"2023-11-13T13:25:42","slug":"rara-neagra","status":"publish","type":"product","link":"https:\/\/wine.mnews.md\/en\/produs\/rara-neagra\/","title":{"rendered":"Rar\u0103 Neagr\u0103"},"content":{"rendered":"<p>[vc_row][vc_column][vc_tta_tabs][vc_tta_section title=&#8221;Personalitatea Vinului&#8221; tab_id=&#8221;1699881729711-78723716-ea30&#8243;][vc_column_text]Un vin din soiul emblematic Rar\u0103 Neagr\u0103, cu o istorie de secole, de o culoare rubine. P\u0103trunde \u00een memorie prin simfonia aromatic\u0103 cu accente de vi\u015fine \u015fi fructe de p\u0103dure ro\u015fii, ce definesc elegan\u0163a soiului. Gustul delicat, \u00eembin\u0103 notele de zmeur\u0103, vanilie \u015fi ciocolat\u0103, urmate de un postgust cu tanin suav ce persist\u0103 pl\u0103cut.[\/vc_column_text][\/vc_tta_section][vc_tta_section title=&#8221;Vinificare &#8221; tab_id=&#8221;1699881729720-ac61a883-4406&#8243;][vc_column_text]Strugurii\u00a0 se recolteaz\u0103 manual, dup\u0103 15 septembrie. Dup\u0103 zdrobire, mustul \u015fi pieli\u0163a strugurilor\u00a0 se\u00a0 las\u0103\u00a0 \u00eempreun\u0103 s\u0103 se macereze &#8211; fermenteze. Procesul este realizat \u00een ferment\u0103toare din inox \u00eentr-un interval de cinci- \u015fapte zile, cu stap\u00e2nirea\u00a0 temperaturii de 24-26\u00b0\u0421., dup\u0103 care urmeaz\u0103 fermentare malolactic\u0103 \u015fi maturare \u00een baricuri timp de 6 luni.[\/vc_column_text][\/vc_tta_section][vc_tta_section title=&#8221;\u00cembinarea alimentelor&#8221; tab_id=&#8221;1699881763739-9727d77c-657a&#8221;][vc_column_text]Delicat \u0219i pl\u0103cut, al\u0103turi de preparatele din carne ro\u0219ie, ca ra\u021ba la cuptor sau friptura tradi\u021bional\u0103, dar \u0219i bucate gratinate.[\/vc_column_text][\/vc_tta_section][\/vc_tta_tabs][\/vc_column][\/vc_row]<\/p>\n","protected":false},"excerpt":{"rendered":"<p>[vc_row][vc_column][vc_tta_tabs][vc_tta_section title=&#8221;Personalitatea Vinului&#8221; tab_id=&#8221;1699881729711-78723716-ea30&#8243;][vc_column_text]Un vin din soiul emblematic Rar\u0103 Neagr\u0103, cu o istorie de secole, de o culoare rubine. P\u0103trunde \u00een memorie prin simfonia aromatic\u0103 cu accente de vi\u015fine \u015fi fructe de p\u0103dure ro\u015fii, ce definesc elegan\u0163a soiului. Gustul delicat, \u00eembin\u0103 notele de zmeur\u0103, vanilie \u015fi ciocolat\u0103, urmate de un postgust cu tanin suav ce<br class=\"read-more-spacer\"> <a class=\"more-link\" href=\"https:\/\/wine.mnews.md\/en\/produs\/rara-neagra\/\">Read More<\/a><\/p>\n","protected":false},"featured_media":14621,"template":"","meta":[],"product_cat":[48],"product_tag":[],"class_list":["post-14676","product","type-product","status-publish","has-post-thumbnail","hentry","product_cat-winemakers-way-en"],"_links":{"self":[{"href":"https:\/\/wine.mnews.md\/en\/wp-json\/wp\/v2\/product\/14676","targetHints":{"allow":["GET"]}}],"collection":[{"href":"https:\/\/wine.mnews.md\/en\/wp-json\/wp\/v2\/product"}],"about":[{"href":"https:\/\/wine.mnews.md\/en\/wp-json\/wp\/v2\/types\/product"}],"wp:featuredmedia":[{"embeddable":true,"href":"https:\/\/wine.mnews.md\/en\/wp-json\/wp\/v2\/media\/14621"}],"wp:attachment":[{"href":"https:\/\/wine.mnews.md\/en\/wp-json\/wp\/v2\/media?parent=14676"}],"wp:term":[{"taxonomy":"product_cat","embeddable":true,"href":"https:\/\/wine.mnews.md\/en\/wp-json\/wp\/v2\/product_cat?post=14676"},{"taxonomy":"product_tag","embeddable":true,"href":"https:\/\/wine.mnews.md\/en\/wp-json\/wp\/v2\/product_tag?post=14676"}],"curies":[{"name":"wp","href":"https:\/\/api.w.org\/{rel}","templated":true}]}}