{"id":14675,"date":"2023-11-13T13:20:52","date_gmt":"2023-11-13T13:20:52","guid":{"rendered":"https:\/\/wine.mnews.md\/produs\/merlot-2\/"},"modified":"2024-06-12T13:12:35","modified_gmt":"2024-06-12T13:12:35","slug":"merlot-2","status":"publish","type":"product","link":"https:\/\/wine.mnews.md\/en\/produs\/merlot-2\/","title":{"rendered":"Merlot"},"content":{"rendered":"<p>[vc_row][vc_column][vc_tta_tabs][vc_tta_section title=&#8221;Personalitatea Vinului&#8221; tab_id=&#8221;1699881371971-ccc90c4f-fe4e&#8221;][vc_column_text]Vinul posed\u0103 o culoare ro\u015fu-rubinie, cu arome generoase \u015fi intense, dominate de fructe bine coapte \u015fi condimente. Gustul moale cu tanine elegante, este complet de accentele coac\u0103ze \u015fi mure, ce trec lin \u00eentr-un postgust fructose, pl\u0103cut \u015fi memorabil. Maturat timp de 6 luni.[\/vc_column_text][\/vc_tta_section][vc_tta_section title=&#8221;Vinificare &#8221; tab_id=&#8221;1699881371979-383ad7e2-946e&#8221;][vc_column_text]Vinul este produs dup\u0103 tehnologie clasic\u0103. Dup\u0103 zdrobire, mustul \u015fi pieli\u0163a strugurilor\u00a0 se\u00a0 las\u0103\u00a0 \u00eempreun\u0103 la macerare- fermentare. Procesul este realizat \u00een ferment\u0103toare din inox \u00eentr-un interval de cinci- \u015fapte zile, cu stap\u00e2nirea\u00a0 temperaturii de 24-28\u00b0\u0421., dup\u0103 care urmeaz\u0103 fermentare malolactic\u0103 \u015fi maturare \u00een baricuri timp de 6 luni.[\/vc_column_text][\/vc_tta_section][vc_tta_section title=&#8221;\u00cembinarea alimentelor&#8221; tab_id=&#8221;1699881437117-02a768f6-1fac&#8221;][vc_column_text]Delicat \u015fi echilibrat, acest vin se recomand\u0103 a fi servit al\u0103turi de o gam\u0103 larg\u0103 de bucate, precum cele din carne ro\u015fie u\u015for condimentate sau re\u0163ete inspirate din buc\u0103t\u0103ria italian\u0103.[\/vc_column_text][\/vc_tta_section][\/vc_tta_tabs][\/vc_column][\/vc_row]<\/p>\n","protected":false},"excerpt":{"rendered":"<p>[vc_row][vc_column][vc_tta_tabs][vc_tta_section title=&#8221;Personalitatea Vinului&#8221; tab_id=&#8221;1699881371971-ccc90c4f-fe4e&#8221;][vc_column_text]Vinul posed\u0103 o culoare ro\u015fu-rubinie, cu arome generoase \u015fi intense, dominate de fructe bine coapte \u015fi condimente. Gustul moale cu tanine elegante, este complet de accentele coac\u0103ze \u015fi mure, ce trec lin \u00eentr-un postgust fructose, pl\u0103cut \u015fi memorabil. Maturat timp de 6 luni.[\/vc_column_text][\/vc_tta_section][vc_tta_section title=&#8221;Vinificare &#8221; tab_id=&#8221;1699881371979-383ad7e2-946e&#8221;][vc_column_text]Vinul este produs dup\u0103 tehnologie clasic\u0103. Dup\u0103<br class=\"read-more-spacer\"> <a class=\"more-link\" href=\"https:\/\/wine.mnews.md\/en\/produs\/merlot-2\/\">Read More<\/a><\/p>\n","protected":false},"featured_media":14688,"template":"","meta":[],"product_cat":[48],"product_tag":[],"class_list":["post-14675","product","type-product","status-publish","has-post-thumbnail","hentry","product_cat-winemakers-way-en"],"_links":{"self":[{"href":"https:\/\/wine.mnews.md\/en\/wp-json\/wp\/v2\/product\/14675","targetHints":{"allow":["GET"]}}],"collection":[{"href":"https:\/\/wine.mnews.md\/en\/wp-json\/wp\/v2\/product"}],"about":[{"href":"https:\/\/wine.mnews.md\/en\/wp-json\/wp\/v2\/types\/product"}],"wp:featuredmedia":[{"embeddable":true,"href":"https:\/\/wine.mnews.md\/en\/wp-json\/wp\/v2\/media\/14688"}],"wp:attachment":[{"href":"https:\/\/wine.mnews.md\/en\/wp-json\/wp\/v2\/media?parent=14675"}],"wp:term":[{"taxonomy":"product_cat","embeddable":true,"href":"https:\/\/wine.mnews.md\/en\/wp-json\/wp\/v2\/product_cat?post=14675"},{"taxonomy":"product_tag","embeddable":true,"href":"https:\/\/wine.mnews.md\/en\/wp-json\/wp\/v2\/product_tag?post=14675"}],"curies":[{"name":"wp","href":"https:\/\/api.w.org\/{rel}","templated":true}]}}