{"id":14674,"date":"2023-11-13T13:32:13","date_gmt":"2023-11-13T13:32:13","guid":{"rendered":"https:\/\/wine.mnews.md\/produs\/chardonnay\/"},"modified":"2023-11-13T13:32:13","modified_gmt":"2023-11-13T13:32:13","slug":"chardonnay","status":"publish","type":"product","link":"https:\/\/wine.mnews.md\/en\/produs\/chardonnay\/","title":{"rendered":"Chardonnay"},"content":{"rendered":"<p>[vc_row][vc_column][vc_tta_tabs][vc_tta_section title=&#8221;Personalitatea Vinului&#8221; tab_id=&#8221;1699882089324-740ecda4-5c95&#8243;][vc_column_text]Un vin de o culoare galben-aurie. Cucere\u0219te prin aroma de pepene galben \u0219i grapefruit, acompaniate de accente gustative cremoase. Corpolent \u0219i cu un gust distins, se \u00eentip\u0103re\u0219te prin structura elegant\u0103.[\/vc_column_text][\/vc_tta_section][vc_tta_section title=&#8221;Vinificare &#8221; tab_id=&#8221;1699882089332-0dea93db-2c69&#8243;][vc_column_text]Struguri recolta\u0163i\u00a0 manual \u00een a doua decada a lunii septembrie, vinifica\u0163i prin metoda tradi\u0163ional\u0103. Dupa zdrobirea si desciorchinarea\u00a0 strugurilor urmeaz\u0103 macerarea pelicular\u0103 a mustuelii pentru o perioad\u0103 de 8-12 ore. Fermentarea se petrece \u00een vase din inox la temperatur\u0103 controlat\u0103 de 14\u00b0\u0421 &#8211; 16\u00b0\u0421.\u00a0 \u0219i men\u021binerea pe strat fin de drojdii timp de min 3 luni.[\/vc_column_text][\/vc_tta_section][vc_tta_section title=&#8221;\u00cembinarea alimentelor&#8221; tab_id=&#8221;1699882125763-d79fdee3-5f70&#8243;][vc_column_text]Complex \u0219i versatil, al\u0103turi de br\u00e2nzeturi fine albe, bucate cremoase din carne sau pe\u0219te, dar \u0219i singur.[\/vc_column_text][\/vc_tta_section][\/vc_tta_tabs][\/vc_column][\/vc_row]<\/p>\n","protected":false},"excerpt":{"rendered":"<p>[vc_row][vc_column][vc_tta_tabs][vc_tta_section title=&#8221;Personalitatea Vinului&#8221; tab_id=&#8221;1699882089324-740ecda4-5c95&#8243;][vc_column_text]Un vin de o culoare galben-aurie. Cucere\u0219te prin aroma de pepene galben \u0219i grapefruit, acompaniate de accente gustative cremoase. Corpolent \u0219i cu un gust distins, se \u00eentip\u0103re\u0219te prin structura elegant\u0103.[\/vc_column_text][\/vc_tta_section][vc_tta_section title=&#8221;Vinificare &#8221; tab_id=&#8221;1699882089332-0dea93db-2c69&#8243;][vc_column_text]Struguri recolta\u0163i\u00a0 manual \u00een a doua decada a lunii septembrie, vinifica\u0163i prin metoda tradi\u0163ional\u0103. Dupa zdrobirea si desciorchinarea\u00a0 strugurilor urmeaz\u0103<br class=\"read-more-spacer\"> <a class=\"more-link\" href=\"https:\/\/wine.mnews.md\/en\/produs\/chardonnay\/\">Read More<\/a><\/p>\n","protected":false},"featured_media":14631,"template":"","meta":[],"product_cat":[48],"product_tag":[],"class_list":["post-14674","product","type-product","status-publish","has-post-thumbnail","hentry","product_cat-winemakers-way-en"],"_links":{"self":[{"href":"https:\/\/wine.mnews.md\/en\/wp-json\/wp\/v2\/product\/14674","targetHints":{"allow":["GET"]}}],"collection":[{"href":"https:\/\/wine.mnews.md\/en\/wp-json\/wp\/v2\/product"}],"about":[{"href":"https:\/\/wine.mnews.md\/en\/wp-json\/wp\/v2\/types\/product"}],"wp:featuredmedia":[{"embeddable":true,"href":"https:\/\/wine.mnews.md\/en\/wp-json\/wp\/v2\/media\/14631"}],"wp:attachment":[{"href":"https:\/\/wine.mnews.md\/en\/wp-json\/wp\/v2\/media?parent=14674"}],"wp:term":[{"taxonomy":"product_cat","embeddable":true,"href":"https:\/\/wine.mnews.md\/en\/wp-json\/wp\/v2\/product_cat?post=14674"},{"taxonomy":"product_tag","embeddable":true,"href":"https:\/\/wine.mnews.md\/en\/wp-json\/wp\/v2\/product_tag?post=14674"}],"curies":[{"name":"wp","href":"https:\/\/api.w.org\/{rel}","templated":true}]}}