{"id":14673,"date":"2023-11-13T13:37:54","date_gmt":"2023-11-13T13:37:54","guid":{"rendered":"https:\/\/wine.mnews.md\/produs\/pinot-noir\/"},"modified":"2023-11-13T13:37:54","modified_gmt":"2023-11-13T13:37:54","slug":"pinot-noir","status":"publish","type":"product","link":"https:\/\/wine.mnews.md\/en\/produs\/pinot-noir\/","title":{"rendered":"Pinot Noir"},"content":{"rendered":"<p>[vc_row][vc_column][vc_tta_tabs][vc_tta_section title=&#8221;Personalitatea Vinului&#8221; tab_id=&#8221;1699882445729-ab97cdf1-6563&#8243;][vc_column_text]Un vin deosebit, bine echilibrat \u0219i persistent, de o culoare ro\u0219u luminos, cu arome proaspete de cire\u0219e negre \u0219i zmeur\u0103, ce reliefeaz\u0103 un portret gustativ intens cu acccente de fructe de p\u0103dure, vanilie. Taninele fine duc la un postgust m\u0103t\u0103sos \u0219i memorabil.[\/vc_column_text][\/vc_tta_section][vc_tta_section title=&#8221;Vinificare &#8221; tab_id=&#8221;1699882445737-43057546-d114&#8243;][vc_column_text]Strugurii\u00a0 se recolteaz\u0103 manual, dup\u0103 15 septembrie. Dup\u0103 zdrobire, mustul \u015fi pieli\u0163a strugurilor\u00a0 se\u00a0 las\u0103\u00a0 \u00eempreun\u0103 s\u0103 se macereze &#8211; fermenteze. Procesul este realizat \u00een ferment\u0103toare din inox \u00eentr-un interval de cinci- \u015fapte zile, cu stap\u00e2nirea\u00a0 temperaturii de 24-26\u00b0\u0421., dup\u0103 care urmeaz\u0103 fermentare malolactic\u0103 \u015fi maturare \u00een baricuri timp de 6 luni.[\/vc_column_text][\/vc_tta_section][vc_tta_section title=&#8221;\u00cembinarea alimentelor&#8221; tab_id=&#8221;1699882475427-a7c217e5-5c29&#8243;][vc_column_text]De un carcater unic, acest vin se recomand\u0103 a fi servit al\u0103turi de o gam\u0103 larg\u0103 de bucate, precum cele din carne ro\u0219ie u\u0219or condimentate sau re\u021bete inspirate din buc\u0103t\u0103ria italian\u0103.[\/vc_column_text][\/vc_tta_section][\/vc_tta_tabs][\/vc_column][\/vc_row]<\/p>\n","protected":false},"excerpt":{"rendered":"<p>[vc_row][vc_column][vc_tta_tabs][vc_tta_section title=&#8221;Personalitatea Vinului&#8221; tab_id=&#8221;1699882445729-ab97cdf1-6563&#8243;][vc_column_text]Un vin deosebit, bine echilibrat \u0219i persistent, de o culoare ro\u0219u luminos, cu arome proaspete de cire\u0219e negre \u0219i zmeur\u0103, ce reliefeaz\u0103 un portret gustativ intens cu acccente de fructe de p\u0103dure, vanilie. Taninele fine duc la un postgust m\u0103t\u0103sos \u0219i memorabil.[\/vc_column_text][\/vc_tta_section][vc_tta_section title=&#8221;Vinificare &#8221; tab_id=&#8221;1699882445737-43057546-d114&#8243;][vc_column_text]Strugurii\u00a0 se recolteaz\u0103 manual, dup\u0103 15 septembrie. Dup\u0103<br class=\"read-more-spacer\"> <a class=\"more-link\" href=\"https:\/\/wine.mnews.md\/en\/produs\/pinot-noir\/\">Read More<\/a><\/p>\n","protected":false},"featured_media":14627,"template":"","meta":[],"product_cat":[48],"product_tag":[],"class_list":["post-14673","product","type-product","status-publish","has-post-thumbnail","hentry","product_cat-winemakers-way-en"],"_links":{"self":[{"href":"https:\/\/wine.mnews.md\/en\/wp-json\/wp\/v2\/product\/14673","targetHints":{"allow":["GET"]}}],"collection":[{"href":"https:\/\/wine.mnews.md\/en\/wp-json\/wp\/v2\/product"}],"about":[{"href":"https:\/\/wine.mnews.md\/en\/wp-json\/wp\/v2\/types\/product"}],"wp:featuredmedia":[{"embeddable":true,"href":"https:\/\/wine.mnews.md\/en\/wp-json\/wp\/v2\/media\/14627"}],"wp:attachment":[{"href":"https:\/\/wine.mnews.md\/en\/wp-json\/wp\/v2\/media?parent=14673"}],"wp:term":[{"taxonomy":"product_cat","embeddable":true,"href":"https:\/\/wine.mnews.md\/en\/wp-json\/wp\/v2\/product_cat?post=14673"},{"taxonomy":"product_tag","embeddable":true,"href":"https:\/\/wine.mnews.md\/en\/wp-json\/wp\/v2\/product_tag?post=14673"}],"curies":[{"name":"wp","href":"https:\/\/api.w.org\/{rel}","templated":true}]}}