{"id":14672,"date":"2023-11-16T08:36:15","date_gmt":"2023-11-16T08:36:15","guid":{"rendered":"https:\/\/wine.mnews.md\/produs\/opulent-white-2\/"},"modified":"2025-12-16T12:48:48","modified_gmt":"2025-12-16T12:48:48","slug":"opulent-white-2","status":"publish","type":"product","link":"https:\/\/wine.mnews.md\/en\/produs\/opulent-white-2\/","title":{"rendered":"Opulent White"},"content":{"rendered":"<p>[vc_row][vc_column][vc_tta_tabs][vc_tta_section title=&#8221;Personalitatea Vinului&#8221; tab_id=&#8221;1700123520629-a8aa0317-369e&#8221;][vc_column_text]O dedica\u021bie pentru dou\u0103 soiuri de struguri, ce \u00ee\u0219i v\u0103d evolu\u021bia frumoas\u0103 \u00een podgoriile S\u0103lcu\u021ba, sud-estul \u021b\u0103rii. De o culoare auriu diafan, poveste\u0219te despre o armonie de miresme florale urmate de tente de pere \u0219i caise. Paleta gustativ\u0103 treze\u0219te amintiri de cire\u0219e albe, piersica \u0219i fructe exotice. Un adev\u0103rat elogiu autenticit\u0103\u021bii strugurilor crescu\u021bi acas\u0103, ce reflect\u0103 un postgust memorabil.[\/vc_column_text][\/vc_tta_section][vc_tta_section title=&#8221;Vinificare&#8221; tab_id=&#8221;1700123520637-1228c7ee-5af8&#8243;][vc_column_text]Strugurii sunt recolta\u0163i manual \u00een a doua decad\u0103 a lunii septembrie, vinifica\u0163i prin metoda tradi\u0163ional\u0103. Dup\u0103 zdrobirea si desciorchinarea strugurilor, urmeaz\u0103 macerarea pelicular\u0103 a mustuelii pentru o perioad\u0103 de 10 \u2013 12 ore. Fermentarea are loc \u00een vase din inox la temperatur\u0103 controlat\u0103 de 14\u00b0\u0421 \u0219i aplicarea metodei sur-lie.[\/vc_column_text][\/vc_tta_section][vc_tta_section title=&#8221;Asocieri Culinare&#8221; tab_id=&#8221;1700123594146-b85cd16c-3dc5&#8243;][vc_column_text]Un cupaj balansat gustativ, ale c\u0103rui arome se asociaz\u0103 perfect cu br\u00e2nzeturi fran\u021buze\u0219ti \u0219i elve\u021biene, precum Camembert la cuptor sau chiar cu preparate din fructe de mare proaspete.[\/vc_column_text][\/vc_tta_section][\/vc_tta_tabs][\/vc_column][\/vc_row]<\/p>\n","protected":false},"excerpt":{"rendered":"<p>[vc_row][vc_column][vc_tta_tabs][vc_tta_section title=&#8221;Personalitatea Vinului&#8221; tab_id=&#8221;1700123520629-a8aa0317-369e&#8221;][vc_column_text]O dedica\u021bie pentru dou\u0103 soiuri de struguri, ce \u00ee\u0219i v\u0103d evolu\u021bia frumoas\u0103 \u00een podgoriile S\u0103lcu\u021ba, sud-estul \u021b\u0103rii. De o culoare auriu diafan, poveste\u0219te despre o armonie de miresme florale urmate de tente de pere \u0219i caise. Paleta gustativ\u0103 treze\u0219te amintiri de cire\u0219e albe, piersica \u0219i fructe exotice. Un adev\u0103rat elogiu autenticit\u0103\u021bii strugurilor<br class=\"read-more-spacer\"> <a class=\"more-link\" href=\"https:\/\/wine.mnews.md\/en\/produs\/opulent-white-2\/\">Read More<\/a><\/p>\n","protected":false},"featured_media":14634,"template":"","meta":[],"product_cat":[46],"product_tag":[],"class_list":["post-14672","product","type-product","status-publish","has-post-thumbnail","hentry","product_cat-eno-en"],"_links":{"self":[{"href":"https:\/\/wine.mnews.md\/en\/wp-json\/wp\/v2\/product\/14672","targetHints":{"allow":["GET"]}}],"collection":[{"href":"https:\/\/wine.mnews.md\/en\/wp-json\/wp\/v2\/product"}],"about":[{"href":"https:\/\/wine.mnews.md\/en\/wp-json\/wp\/v2\/types\/product"}],"wp:featuredmedia":[{"embeddable":true,"href":"https:\/\/wine.mnews.md\/en\/wp-json\/wp\/v2\/media\/14634"}],"wp:attachment":[{"href":"https:\/\/wine.mnews.md\/en\/wp-json\/wp\/v2\/media?parent=14672"}],"wp:term":[{"taxonomy":"product_cat","embeddable":true,"href":"https:\/\/wine.mnews.md\/en\/wp-json\/wp\/v2\/product_cat?post=14672"},{"taxonomy":"product_tag","embeddable":true,"href":"https:\/\/wine.mnews.md\/en\/wp-json\/wp\/v2\/product_tag?post=14672"}],"curies":[{"name":"wp","href":"https:\/\/api.w.org\/{rel}","templated":true}]}}