{"id":14671,"date":"2023-11-16T08:43:21","date_gmt":"2023-11-16T08:43:21","guid":{"rendered":"https:\/\/wine.mnews.md\/produs\/eclectic-red-2\/"},"modified":"2025-12-16T12:37:37","modified_gmt":"2025-12-16T12:37:37","slug":"eclectic-red-2","status":"publish","type":"product","link":"https:\/\/wine.mnews.md\/en\/produs\/eclectic-red-2\/","title":{"rendered":"Eclectic Red"},"content":{"rendered":"<p>[vc_row][vc_column][vc_tta_tabs][vc_tta_section title=&#8221;Personalitatea Vinului&#8221; tab_id=&#8221;1700123982867-3eae45de-e760&#8243;][vc_column_text]Un vin simbolic din soiuri nobile de struguri cule\u0219i prin grij\u0103 \u0219i devotament, din podgoriile propii ale cramei. Culoarea elegant\u0103 rubinie cu tente c\u0103r\u0103mizii, este acompaniat\u0103 de o arom\u0103 cuceritoare de mure, prun\u0103 suculent\u0103 \u0219i ciocolat\u0103. Gustativ aminte\u0219te o simbioz\u0103 a notelor fructate precum coac\u0103za, completate de accente lemnoase \u0219i tanine catiflate.<\/p>\n<p>Un vin plin de caracter, elegan\u021b\u0103 \u0219i rafinament oferite de maturarea timp de 12 luni \u00een butoi de stejar fran\u021buzesc.[\/vc_column_text][\/vc_tta_section][vc_tta_section title=&#8221;Vinificare&#8221; tab_id=&#8221;1700123982875-e4907f62-6b6a&#8221;][vc_column_text]Vinul este produs dup\u0103 tehnologia clasic\u0103. Macerarea \u0219i fermentarea sunt realizate in fermentatoare din inox \u00eentr-un interval de 5 -7 zile, cu reglarea temperaturii de 24\u00b0\u0421 \u2013 28\u00b0\u0421, dup\u0103 care urmeaz\u0103 fermentarea malolactic\u0103 \u0219i maturarea \u00een baricuri din stejar fran\u021buzesc timp de 1 an.[\/vc_column_text][\/vc_tta_section][vc_tta_section title=&#8221;Asocieri Culinare&#8221; tab_id=&#8221;1700124028272-f5780209-1cef&#8221;][vc_column_text]Se asociaz\u0103 cu carne ro\u0219ie, miel sau vit\u0103, acompaniate de legume coapte \u0219i o varietate de bucate din buc\u0103t\u0103ria italian\u0103 precum lasagna sau pastele bolognese.[\/vc_column_text][\/vc_tta_section][\/vc_tta_tabs][\/vc_column][\/vc_row]<\/p>\n","protected":false},"excerpt":{"rendered":"<p>[vc_row][vc_column][vc_tta_tabs][vc_tta_section title=&#8221;Personalitatea Vinului&#8221; tab_id=&#8221;1700123982867-3eae45de-e760&#8243;][vc_column_text]Un vin simbolic din soiuri nobile de struguri cule\u0219i prin grij\u0103 \u0219i devotament, din podgoriile propii ale cramei. Culoarea elegant\u0103 rubinie cu tente c\u0103r\u0103mizii, este acompaniat\u0103 de o arom\u0103 cuceritoare de mure, prun\u0103 suculent\u0103 \u0219i ciocolat\u0103. Gustativ aminte\u0219te o simbioz\u0103 a notelor fructate precum coac\u0103za, completate de accente lemnoase \u0219i tanine catiflate.<br class=\"read-more-spacer\"> <a class=\"more-link\" href=\"https:\/\/wine.mnews.md\/en\/produs\/eclectic-red-2\/\">Read More<\/a><\/p>\n","protected":false},"featured_media":14632,"template":"","meta":[],"product_cat":[46],"product_tag":[],"class_list":["post-14671","product","type-product","status-publish","has-post-thumbnail","hentry","product_cat-eno-en"],"_links":{"self":[{"href":"https:\/\/wine.mnews.md\/en\/wp-json\/wp\/v2\/product\/14671","targetHints":{"allow":["GET"]}}],"collection":[{"href":"https:\/\/wine.mnews.md\/en\/wp-json\/wp\/v2\/product"}],"about":[{"href":"https:\/\/wine.mnews.md\/en\/wp-json\/wp\/v2\/types\/product"}],"wp:featuredmedia":[{"embeddable":true,"href":"https:\/\/wine.mnews.md\/en\/wp-json\/wp\/v2\/media\/14632"}],"wp:attachment":[{"href":"https:\/\/wine.mnews.md\/en\/wp-json\/wp\/v2\/media?parent=14671"}],"wp:term":[{"taxonomy":"product_cat","embeddable":true,"href":"https:\/\/wine.mnews.md\/en\/wp-json\/wp\/v2\/product_cat?post=14671"},{"taxonomy":"product_tag","embeddable":true,"href":"https:\/\/wine.mnews.md\/en\/wp-json\/wp\/v2\/product_tag?post=14671"}],"curies":[{"name":"wp","href":"https:\/\/api.w.org\/{rel}","templated":true}]}}