{"id":2165,"date":"2019-08-09T07:47:02","date_gmt":"2019-08-09T07:47:02","guid":{"rendered":"https:\/\/wine.mnews.md\/?page_id=2165"},"modified":"2026-02-11T08:25:13","modified_gmt":"2026-02-11T08:25:13","slug":"winemaking","status":"publish","type":"page","link":"https:\/\/wine.mnews.md\/en\/winemaking\/","title":{"rendered":"Winemaking"},"content":{"rendered":"<p>[vc_row][vc_column]\n\t<div class=\"title-subtitle-box   \" style=\" text-align: center;\">\n\t\t<h1 style=\" text-transform: uppercase; font-weight: 400; letter-spacing: 0px;\" >VINIFICA\u021aIE<\/h1>\n\t<\/div> [\/vc_column][vc_column][vc_column_text]<\/p>\n<p style=\"text-align: center;\">Mo\u0219tenind dragostea pentru vinifica\u021bie am reu\u0219it s\u0103 ne descoperim punctele forte \u0219i calit\u0103\u021bile care ne definesc, implic\u00e2ndu-ne \u00eendeaproape \u00een pasiunea pe care suntem noroco\u0219i c\u0103 o putem aduce \u00een casele oamenilor. Depunem tot efortul \u00een a dezv\u0103lui vinuri \u201evii\u201d, care reflect\u0103 echipa noastr\u0103 \u0219i pe noi \u00een\u0219ine, vinuri cu personalitate \u00een care s\u0103 se reg\u0103seasc\u0103 mai multe categorii de oameni.<\/p>\n<p>[\/vc_column_text][\/vc_column][\/vc_row][vc_row css=&#8221;.vc_custom_1498030795053{padding-top: 0px !important;}&#8221;][vc_column]\n\t<div class=\"title-subtitle-box   \" style=\" text-align: center; max-width: 90%; margin-left: auto; margin-right: auto;\">\n\t\t<hr class=\"has-topline\"  \/>\n\t\t<h1 style=\" text-transform: uppercase; font-weight: 400; letter-spacing: 0px;\" >ABORDAREA<\/h1>\n\t<\/div> [vc_row_inner equal_height=&#8221;yes&#8221;][vc_column_inner el_class=&#8221;icon_box_for_height&#8221; width=&#8221;1\/2&#8243; css=&#8221;.vc_custom_1564400743661{padding-right: 1px !important;padding-left: 0px !important;}&#8221;]\n\t<div class=\"featured-icon-box  align-left vc_custom_1770216055142\">\n\t<div class=\"vc_icon_element vc_icon_element-outer vc_icon_element-align-left\">\n\t<div class=\"vc_icon_element-inner vc_icon_element-size-md\">\n\t<span class=\"vc_icon_element-icon fa fa-leaf\" ><\/span>\n\t<\/div><\/div>\n\t<h3 style=\"color:#000000;\" >Mediul<\/h3>\n\t<div class=\"clearfix\"><\/div><div class=\"featured-icon-desc\" style=\"color:#000000;\">Ne propunem s\u0103 men\u021binem o sinergie autentic\u0103 \u00eentre mo\u0219tenirea noastr\u0103 \u0219i practicile responsabile fa\u021b\u0103 de mediu, acord\u00e2nd o aten\u021bie constant\u0103 \u00eengrijirii podgoriilor. Aplic\u0103m m\u0103suri menite s\u0103 sporeasc\u0103 eficien\u021ba utiliz\u0103rii apei, a energiei \u0219i a ambalajelor, av\u00e2nd ca obiectiv un management durabil al terenurilor \u0219i al vi\u021bei-de-vie, orientat spre viitor.<\/div>\n\t<\/div>[\/vc_column_inner][vc_column_inner el_class=&#8221;icon_box_for_height&#8221; width=&#8221;1\/2&#8243; css=&#8221;.vc_custom_1564563630789{padding-right: 1px !important;padding-left: 1px !important;}&#8221;]\n\t<div class=\"featured-icon-box  align-left vc_custom_1770216075294\">\n\t<div class=\"vc_icon_element vc_icon_element-outer vc_icon_element-align-left\">\n\t<div class=\"vc_icon_element-inner vc_icon_element-size-md\">\n\t<span class=\"vc_icon_element-icon fa fa-globe\" ><\/span>\n\t<\/div><\/div>\n\t<h3 style=\"color:#000000;\" >Solul<\/h3>\n\t<div class=\"clearfix\"><\/div><div class=\"featured-icon-desc\" style=\"color:#000000;\">Solurile care stau la baza recoltelor noastre sunt bogate \u00een humus, \u00een combina\u021bie cu nisip \u0219i argil\u0103. Aceast\u0103 structur\u0103 complex\u0103 contribuie esen\u021bial la caracterul distinct al fiec\u0103rui vin. \u00cengrijirea solului este o prioritate zilnic\u0103, realizat\u0103 prin practici naturale care respect\u0103 echilibrul dintre sol, vi\u021b\u0103-de-vie \u0219i mediu.<\/div>\n\t<\/div>[\/vc_column_inner][\/vc_row_inner][vc_row_inner equal_height=&#8221;yes&#8221;][vc_column_inner el_class=&#8221;icon_box_for_height&#8221; width=&#8221;1\/2&#8243; css=&#8221;.vc_custom_1564400743661{padding-right: 1px !important;padding-left: 0px !important;}&#8221;]\n\t<div class=\"featured-icon-box  align-left \">\n\t<div class=\"vc_icon_element vc_icon_element-outer vc_icon_element-align-left\">\n\t<div class=\"vc_icon_element-inner vc_icon_element-size-md\">\n\t<span class=\"vc_icon_element-icon fa fa-sign-language\" ><\/span>\n\t<\/div><\/div>\n\t<h3 style=\"color:#000000;\" >Recoltatul<\/h3>\n\t<div class=\"clearfix\"><\/div><div class=\"featured-icon-desc\" style=\"color:#000000;\">Sezonul recoltei este atent monitorizat de managerul podgoriei \u0219i se desf\u0103\u0219oar\u0103 din mijlocul lunii august p\u00e2n\u0103 la jum\u0103tatea lunii octombrie. Fiecare soi are propriul s\u0103u ritm de maturare, motiv pentru care strugurii sunt cule\u0219i manual, exact la momentul optim, reflect\u00e2nd grija individual\u0103 acordat\u0103 fiec\u0103rui detaliu.<\/div>\n\t<\/div>[\/vc_column_inner][vc_column_inner el_class=&#8221;icon_box_for_height&#8221; width=&#8221;1\/2&#8243; css=&#8221;.vc_custom_1564563639001{padding-right: 1px !important;padding-left: 1px !important;}&#8221;]\n\t<div class=\"featured-icon-box  align-left vc_custom_1770216112958\">\n\t<div class=\"vc_icon_element vc_icon_element-outer vc_icon_element-align-left\">\n\t<div class=\"vc_icon_element-inner vc_icon_element-size-md\">\n\t<span class=\"vc_icon_element-icon fa fa-cogs\" ><\/span>\n\t<\/div><\/div>\n\t<h3 style=\"color:#000000;\" >Echipamentul<\/h3>\n\t<div class=\"clearfix\"><\/div><div class=\"featured-icon-desc\" style=\"color:#000000;\">Ne dezvolt\u0103m constant, devenind una dintre cele mai modernizate vin\u0103rii din \u021bar\u0103. Crama este dotat\u0103 cu rezervoare din inox cu control al temperaturii pe tot parcursul proceselor de vinifica\u021bie, prese moderne, linii performante de \u00eembuteliere \u0219i sisteme de filtrare adaptate fiec\u0103rui stil de vin, precum \u0219i cu butoaie clasice din stejar francez \u0219i american, esen\u021biale pentru maturarea vinurilor noastre.<\/div>\n\t<\/div>[\/vc_column_inner][\/vc_row_inner][\/vc_column][\/vc_row][vc_row full_width=&#8221;stretch_row&#8221; disable_element=&#8221;yes&#8221; css=&#8221;.vc_custom_1564397866947{background-color: #f1f1f1 !important;background-position: 0 0 !important;background-repeat: no-repeat !important;}&#8221; el_class=&#8221;gg-force-background-right&#8221;][vc_column offset=&#8221;vc_col-lg-6&#8243;]\n\t<div class=\"title-subtitle-box   \" style=\" text-align: left;\">\n\t\t<h1 style=\" text-transform: uppercase; font-weight: 400; letter-spacing: 0px;\" >Made with love since generations<\/h1>\n\t<\/div> [vc_column_text]Lorem ipsum dolor sit amet, consectetur adipiscing elit. Aliquam porta, dui in consequat placerat, libero magna pretium sapien, quis bibendum massa nulla a tellus. Fusce pharetra felis vel magna lacinia, sed dapibus est faucibus. Donec nec urna placerat, bibendum enim id, venenatis ante.<\/p>\n<p>Aliquam erat volutpat. Morbi felis erat, hendrerit ut lectus in, tristique vehicula augue. Aliquam erat volutpat. Aenean interdum sem vel nunc malesuada, id consectetur ligula mollis. Donec commodo id risus nec iaculis. Nullam augue diam, efficitur eu convallis at, fermentum eu mi.[\/vc_column_text][\/vc_column][vc_column offset=&#8221;vc_col-lg-6&#8243;][\/vc_column][\/vc_row][vc_row css=&#8221;.vc_custom_1565700771054{padding-top: 0px !important;}&#8221;][vc_column][\/vc_column][\/vc_row]<\/p>\n","protected":false},"excerpt":{"rendered":"<p>[vc_row][vc_column][\/vc_column][vc_column][vc_column_text] Mo\u0219tenind dragostea pentru vinifica\u021bie am reu\u0219it s\u0103 ne descoperim punctele forte \u0219i calit\u0103\u021bile care ne definesc, implic\u00e2ndu-ne \u00eendeaproape \u00een pasiunea pe care suntem noroco\u0219i c\u0103 o putem aduce \u00een casele oamenilor. Depunem tot efortul \u00een a dezv\u0103lui vinuri \u201evii\u201d, care reflect\u0103 echipa noastr\u0103 \u0219i pe noi \u00een\u0219ine, vinuri cu personalitate \u00een care s\u0103 se<br class=\"read-more-spacer\"> <a class=\"more-link\" href=\"https:\/\/wine.mnews.md\/en\/winemaking\/\">Read More<\/a><\/p>\n","protected":false},"author":1,"featured_media":17627,"parent":0,"menu_order":0,"comment_status":"closed","ping_status":"closed","template":"","meta":{"footnotes":""},"class_list":["post-2165","page","type-page","status-publish","has-post-thumbnail","hentry"],"_links":{"self":[{"href":"https:\/\/wine.mnews.md\/en\/wp-json\/wp\/v2\/pages\/2165","targetHints":{"allow":["GET"]}}],"collection":[{"href":"https:\/\/wine.mnews.md\/en\/wp-json\/wp\/v2\/pages"}],"about":[{"href":"https:\/\/wine.mnews.md\/en\/wp-json\/wp\/v2\/types\/page"}],"author":[{"embeddable":true,"href":"https:\/\/wine.mnews.md\/en\/wp-json\/wp\/v2\/users\/1"}],"replies":[{"embeddable":true,"href":"https:\/\/wine.mnews.md\/en\/wp-json\/wp\/v2\/comments?post=2165"}],"version-history":[{"count":18,"href":"https:\/\/wine.mnews.md\/en\/wp-json\/wp\/v2\/pages\/2165\/revisions"}],"predecessor-version":[{"id":17739,"href":"https:\/\/wine.mnews.md\/en\/wp-json\/wp\/v2\/pages\/2165\/revisions\/17739"}],"wp:featuredmedia":[{"embeddable":true,"href":"https:\/\/wine.mnews.md\/en\/wp-json\/wp\/v2\/media\/17627"}],"wp:attachment":[{"href":"https:\/\/wine.mnews.md\/en\/wp-json\/wp\/v2\/media?parent=2165"}],"curies":[{"name":"wp","href":"https:\/\/api.w.org\/{rel}","templated":true}]}}