{"id":2151,"date":"2019-08-09T07:42:27","date_gmt":"2019-08-09T07:42:27","guid":{"rendered":"https:\/\/wine.mnews.md\/?page_id=2151"},"modified":"2026-02-11T11:38:58","modified_gmt":"2026-02-11T11:38:58","slug":"vineyard","status":"publish","type":"page","link":"https:\/\/wine.mnews.md\/en\/vineyard\/","title":{"rendered":"Vineyard"},"content":{"rendered":"<p>[vc_row css=&#8221;.vc_custom_1565099496128{padding-bottom: 50px !important;}&#8221;][vc_column width=&#8221;1\/6&#8243;][\/vc_column][vc_column width=&#8221;2\/3&#8243;]\n\t<div class=\"title-subtitle-box   \" style=\" text-align: center;\">\n\t\t<h1 style=\" text-transform: uppercase; font-weight: 400; letter-spacing: 0px;\" >The Vineyards<\/h1>\n\t<\/div> [vc_column_text]<\/p>\n<p>The \u0218tefan Vod\u0103 winemaking region, where the S\u0103lcu\u021ba vineyards are located, is rightly considered the most favorable area for winemaking in Moldova. The unique soil composition, ideal climatic conditions, the south\u2011 and east\u2011facing vineyard slopes, as well as the proximity to the Black Sea, create perfect conditions for grape ripening, resulting in excellently balanced wines with protected geographical indication.<\/p>\n<p>[\/vc_column_text][\/vc_column][vc_column][\/vc_column][vc_column width=&#8221;1\/6&#8243;][\/vc_column][\/vc_row][vc_row css=&#8221;.vc_custom_1495719407294{padding-top: 0px !important;}&#8221;][vc_column][vc_row_inner css=&#8221;.vc_custom_1565017162112{margin-right: 0px !important;margin-left: 0px !important;padding-top: 10% !important;padding-right: 3% !important;padding-bottom: 10% !important;padding-left: 3% !important;background-color: #f1f1f1 !important;}&#8221;][vc_column_inner el_class=&#8221;counter_block&#8221; width=&#8221;1\/3&#8243;]\n\t<div class=\"counter-holder  \" style=\"text-align:left;   \">\n\t\t\t<div class=\"counter-content\">\n\t\t\t\t<span style=\" font-size:36px; color:#000000;\" class=\"counter\" data-number=\"450\" data-interval=\"40\" data-speed=\"1000\">450<\/span>\n\t\t\t\t<p style=\"color:#ac8a51\">HECTARES OF VINEYARDS<\/p>\n\t\t\t<\/div>\n\t<\/div> [\/vc_column_inner][vc_column_inner el_class=&#8221;counter_block&#8221; width=&#8221;1\/3&#8243;]\n\t<div class=\"counter-holder  \" style=\"text-align:left;   \">\n\t\t\t<div class=\"counter-content\">\n\t\t\t\t<span style=\" font-size:36px; color:#000000;\" class=\"counter\" data-number=\"10000\" data-interval=\"100\" data-speed=\"1500\">10000<\/span>\n\t\t\t\t<p style=\"color:#ac8a51\">TONNES OF GRAPES PROCESSED<\/p>\n\t\t\t<\/div>\n\t<\/div> [\/vc_column_inner][vc_column_inner el_class=&#8221;counter_block&#8221; width=&#8221;1\/3&#8243;]\n\t<div class=\"counter-holder  \" style=\"text-align:left;   \">\n\t\t\t<div class=\"counter-content\">\n\t\t\t\t<span style=\" font-size:36px; color:#000000;\" class=\"counter\" data-number=\"7\" data-interval=\"3\" data-speed=\"1500\">7<\/span>\n\t\t\t\t<p style=\"color:#ac8a51\">MILLIONS OF LITERS PER YEAR<\/p>\n\t\t\t<\/div>\n\t<\/div> [\/vc_column_inner][\/vc_row_inner][\/vc_column][\/vc_row][vc_row equal_height=&#8221;yes&#8221; content_placement=&#8221;middle&#8221; css=&#8221;.vc_custom_1498045850411{padding-top: 0px !important;}&#8221;][vc_column offset=&#8221;vc_col-lg-6&#8243; el_class=&#8221;flex-last&#8221;]\n\t<div class=\"title-subtitle-box  vineyards_specifications remove-title-margin  \" style=\" text-align: left;\">\n\t\t<h6 style=\" text-transform: uppercase; font-weight: 400; letter-spacing: 0px;\" >Regiunea cu Indica\u021bie Geografic\u0103 Protejat\u0103<\/h6>\n\t\t<div class=\"subtitle\" style=\"\"><p>\u0218tefan Vod\u0103<\/p>\n<\/div>\n\t<\/div> \n\t<div class=\"title-subtitle-box  vineyards_specifications remove-title-margin  \" style=\" text-align: left;\">\n\t\t<h6 style=\" text-transform: uppercase; font-weight: 400; letter-spacing: 0px;\" >Altitudinea<\/h6>\n\t\t<div class=\"subtitle\" style=\"\"><p>140m deasupra nivelului m\u0103rii<\/p>\n<\/div>\n\t<\/div> \n\t<div class=\"title-subtitle-box  vineyards_specifications remove-title-margin  \" style=\" text-align: left;\">\n\t\t<h6 style=\" text-transform: uppercase; font-weight: 400; letter-spacing: 0px;\" >Soiuri plantate<\/h6>\n\t\t<div class=\"subtitle\" style=\"\"><p>Pinot Gris, Chardonnay, Sauvignon Blanc, Merlot, Pinot Noir, Cabernet Sauvignon, Traminer, Riesling, Feteasca Alb\u0103, Viorica, Aligote, Muscat Ottonel, Muscat de Hamburg, Feteasca Regal\u0103, Tempranillo, Feteasca Neagr\u0103, Rara Neagr\u0103, Saperavi.<\/p>\n<\/div>\n\t<\/div> \n\t<div class=\"title-subtitle-box  vineyards_specifications remove-title-margin  \" style=\" text-align: left;\">\n\t\t<h6 style=\" text-transform: uppercase; font-weight: 400; letter-spacing: 0px;\" >Climat<\/h6>\n\t\t<div class=\"subtitle\" style=\"\"><p>Limited rainfall and warm evenings<\/p>\n<\/div>\n\t<\/div> \n\t<div class=\"title-subtitle-box  vineyards_specifications remove-title-margin  \" style=\" text-align: left;\">\n\t\t<h6 style=\" text-transform: uppercase; font-weight: 400; letter-spacing: 0px;\" >Sol<\/h6>\n\t\t<div class=\"subtitle\" style=\"\"><p>Rich in humus, sand, and clay<\/p>\n<\/div>\n\t<\/div> [\/vc_column][vc_column offset=&#8221;vc_col-lg-6&#8243; el_class=&#8221;flex-first&#8221;][vc_single_image image=&#8221;3246&#8243; img_size=&#8221;full&#8221; alignment=&#8221;center&#8221; css=&#8221;.vc_custom_1568966752606{margin-bottom: 0px !important;padding-right: 5% !important;padding-left: 5% !important;}&#8221;][\/vc_column][\/vc_row][vc_row full_width=&#8221;stretch_row&#8221; css=&#8221;.vc_custom_1517561759596{background-color: #f1f1f1 !important;}&#8221;][vc_column]\n\t<div class=\"title-subtitle-box   \" style=\" text-align: center;\">\n\t\t<hr class=\"has-topline\"  \/>\n\t\t<h1 style=\" text-transform: uppercase; font-weight: 400; letter-spacing: 0px;\" >S\u0102LCU\u021aA EXCLUSIVE WINES<\/h1>\n\t<\/div> [\/vc_column][\/vc_row][vc_row full_width=&#8221;stretch_row&#8221; css=&#8221;.vc_custom_1763984724586{background-color: #f1f1f1 !important;}&#8221;][vc_column width=&#8221;1\/3&#8243;]<div class=\"woocommerce columns-1 \"><div class=\"row\">\r\n<ul class=\"products columns-1\">\r\n\r\n<li class=\"col-xs-12 col-sm-6 col-md-12 product type-product post-17233 status-publish first instock product_cat-apertus has-post-thumbnail shipping-taxable purchasable product-type-simple\">\r\n\r\n\t<div class=\"gg-product-image-wrapper\"><\/div><\/a><div class=\"gg-product-meta-wrapper\">\n\t<span class=\"price\"><span class=\"woocommerce-Price-amount amount\"><bdi>306.00&nbsp;<span class=\"woocommerce-Price-currencySymbol\">MDL<\/span><\/bdi><\/span><\/span>\n<a href=\"?add-to-cart=17233\" data-quantity=\"1\" class=\"button product_type_simple add_to_cart_button ajax_add_to_cart\" data-product_id=\"17233\" data-product_sku=\"17233\" aria-label=\"Add &ldquo;Feteasc\u0103 Neagr\u0103 \u2013 Rar\u0103 Neagr\u0103&rdquo; to your cart\" rel=\"nofollow\">Adaug\u0103 \u00een co\u0219<\/a><\/div>\r\n<\/li>\r\n<\/ul>\r\n<\/div><\/div>[\/vc_column][vc_column width=&#8221;1\/3&#8243;]<div class=\"woocommerce columns-1 \"><div class=\"row\">\r\n<ul class=\"products columns-1\">\r\n\r\n<li class=\"col-xs-12 col-sm-6 col-md-12 product type-product post-14596 status-publish first instock product_cat-vinograf has-post-thumbnail shipping-taxable product-type-simple\">\r\n\r\n\t<div class=\"gg-product-image-wrapper\"><\/div><\/a><div class=\"gg-product-meta-wrapper\">\n\t<span class=\"price\"><span class=\"woocommerce-Price-amount amount\"><bdi>227.00&nbsp;<span class=\"woocommerce-Price-currencySymbol\">MDL<\/span><\/bdi><\/span><\/span>\n<a href=\"https:\/\/wine.mnews.md\/produs\/sauvignon-blanc-fume\/\" data-quantity=\"1\" class=\"button product_type_simple\" data-product_id=\"14596\" data-product_sku=\"14596\" aria-label=\"Read more about &ldquo;Sauvignon Blanc Fum\u00e9&rdquo;\" rel=\"nofollow\">Read more<\/a><\/div>\r\n<\/li>\r\n<\/ul>\r\n<\/div><\/div>[\/vc_column][vc_column width=&#8221;1\/3&#8243;]<div class=\"woocommerce columns-1 \"><div class=\"row\">\r\n<ul class=\"products columns-1\">\r\n\r\n<li class=\"col-xs-12 col-sm-6 col-md-12 product type-product post-17265 status-publish first instock product_cat-eno has-post-thumbnail shipping-taxable purchasable product-type-simple\">\r\n\r\n\t<div class=\"gg-product-image-wrapper\"><\/div><\/a><div class=\"gg-product-meta-wrapper\">\n\t<span class=\"price\"><span class=\"woocommerce-Price-amount amount\"><bdi>121.00&nbsp;<span class=\"woocommerce-Price-currencySymbol\">MDL<\/span><\/bdi><\/span><\/span>\n<a href=\"?add-to-cart=17265\" data-quantity=\"1\" class=\"button product_type_simple add_to_cart_button ajax_add_to_cart\" data-product_id=\"17265\" data-product_sku=\"17265\" aria-label=\"Add &ldquo;Noble Ros\u00e9&rdquo; to your cart\" rel=\"nofollow\">Adaug\u0103 \u00een co\u0219<\/a><\/div>\r\n<\/li>\r\n<\/ul>\r\n<\/div><\/div>[\/vc_column][\/vc_row]<\/p>\n","protected":false},"excerpt":{"rendered":"<p>[vc_row css=&#8221;.vc_custom_1565099496128{padding-bottom: 50px !important;}&#8221;][vc_column width=&#8221;1\/6&#8243;][\/vc_column][vc_column width=&#8221;2\/3&#8243;][vc_column_text] The \u0218tefan Vod\u0103 winemaking region, where the S\u0103lcu\u021ba vineyards are located, is rightly considered the most favorable area for winemaking in Moldova. The unique soil composition, ideal climatic conditions, the south\u2011 and east\u2011facing vineyard slopes, as well as the proximity to the Black Sea, create perfect conditions for grape<br class=\"read-more-spacer\"> <a class=\"more-link\" href=\"https:\/\/wine.mnews.md\/en\/vineyard\/\">Read More<\/a><\/p>\n","protected":false},"author":1,"featured_media":3067,"parent":0,"menu_order":0,"comment_status":"closed","ping_status":"closed","template":"","meta":{"footnotes":""},"class_list":["post-2151","page","type-page","status-publish","has-post-thumbnail","hentry"],"_links":{"self":[{"href":"https:\/\/wine.mnews.md\/en\/wp-json\/wp\/v2\/pages\/2151","targetHints":{"allow":["GET"]}}],"collection":[{"href":"https:\/\/wine.mnews.md\/en\/wp-json\/wp\/v2\/pages"}],"about":[{"href":"https:\/\/wine.mnews.md\/en\/wp-json\/wp\/v2\/types\/page"}],"author":[{"embeddable":true,"href":"https:\/\/wine.mnews.md\/en\/wp-json\/wp\/v2\/users\/1"}],"replies":[{"embeddable":true,"href":"https:\/\/wine.mnews.md\/en\/wp-json\/wp\/v2\/comments?post=2151"}],"version-history":[{"count":25,"href":"https:\/\/wine.mnews.md\/en\/wp-json\/wp\/v2\/pages\/2151\/revisions"}],"predecessor-version":[{"id":17745,"href":"https:\/\/wine.mnews.md\/en\/wp-json\/wp\/v2\/pages\/2151\/revisions\/17745"}],"wp:featuredmedia":[{"embeddable":true,"href":"https:\/\/wine.mnews.md\/en\/wp-json\/wp\/v2\/media\/3067"}],"wp:attachment":[{"href":"https:\/\/wine.mnews.md\/en\/wp-json\/wp\/v2\/media?parent=2151"}],"curies":[{"name":"wp","href":"https:\/\/api.w.org\/{rel}","templated":true}]}}