{"id":2029,"date":"2017-05-17T13:45:49","date_gmt":"2017-05-17T13:45:49","guid":{"rendered":"https:\/\/wine.mnews.md\/?page_id=2029"},"modified":"2026-02-11T12:06:46","modified_gmt":"2026-02-11T12:06:46","slug":"homepage","status":"publish","type":"page","link":"https:\/\/wine.mnews.md\/en\/","title":{"rendered":"Homepage"},"content":{"rendered":"<p>[vc_row css=&#8221;.vc_custom_1497510936674{padding-top: 0px !important;}&#8221;][vc_column][vc_empty_space][\/vc_column][vc_column width=&#8221;1\/2&#8243;][vc_row_inner][vc_column_inner][\/vc_column_inner][\/vc_row_inner][vc_column_text css=&#8221;.vc_custom_1770721757125{margin-bottom: 0px !important;padding-top: 0px !important;padding-right: 10% !important;padding-bottom: 10% !important;padding-left: 10% !important;}&#8221;]&nbsp;<\/p>\n<p>The only winery in Moldova whose legacy has been carried through three generations, shaped by a unique terroir in the Protected Geographical Indication region of \u0218tefan Vod\u0103.[\/vc_column_text][vc_single_image image=&#8221;17645&#8243; img_size=&#8221;full&#8221; css=&#8221;.vc_custom_1765452678487{margin-bottom: 0px !important;}&#8221;][\/vc_column][vc_column width=&#8221;1\/2&#8243;][vc_single_image image=&#8221;17652&#8243; img_size=&#8221;full&#8221; css=&#8221;.vc_custom_1765462827033{margin-bottom: 0px !important;}&#8221;][vc_column_text css=&#8221;.vc_custom_1770708311991{margin-bottom: 0px !important;padding-top: 10% !important;padding-right: 10% !important;padding-bottom: 10% !important;padding-left: 10% !important;}&#8221;]A tradition built over time, internationally acclaimed wines, and a contemporary vision define the world of <strong>S\u0103lcu\u021ba<\/strong>.[\/vc_column_text][\/vc_column][\/vc_row][vc_row full_width=&#8221;stretch_row&#8221; css=&#8221;.vc_custom_1763473976258{background-image: url(https:\/\/wine.mnews.md\/wp-content\/uploads\/2025\/11\/grey1-e1430838114726.jpg?id=17185) !important;background-position: 0 0 !important;background-repeat: no-repeat !important;}&#8221;][vc_column width=&#8221;1\/2&#8243; el_class=&#8221;class1&#8243; css=&#8221;.vc_custom_1763475741949{background-color: rgba(241,241,241,0.6) !important;*background-color: rgb(241,241,241) !important;}&#8221;][vc_column_text el_class=&#8221;home_page_founder_note&#8221;]<\/p>\n<h4 style=\"text-align: center;\">\u201cWinemaking has been the path I\u2019ve followed since childhood \u2014 an odyssey, the revelation of my purpose, and a lifelong journey devoted to crafting remarkable wines that embody the purest expression of local tradition, spirit, and dedication.\u201d<\/h4>\n<p>[\/vc_column_text]\n\t<div class=\"title-subtitle-box  home_page_founder_name  \" style=\" text-align: right;\">\n\t\t<h6 style=\" font-size:12px; line-height: normal; color:#ab711d;  text-transform: uppercase; font-weight: 400; letter-spacing: 0px;\" >EUGEN P\u00ceSLARU, Winery Founder<\/h6>\n\t<\/div> [\/vc_column][vc_column width=&#8221;1\/2&#8243;][\/vc_column][\/vc_row][vc_row full_width=&#8221;stretch_row&#8221; css=&#8221;.vc_custom_1565076256665{background-image: url(\/wp-content\/uploads\/2018\/02\/homepage-tabs-background-light.jpg?id=1416) !important;background-position: center !important;background-repeat: no-repeat !important;background-size: cover !important;}&#8221; el_class=&#8221;home_page_tabs_sections&#8221;][vc_column]\n\t<div class=\"title-subtitle-box   \" style=\" text-align: center;\">\n\t\t<hr class=\"has-topline\"  \/>\n\t\t<h1 style=\" text-transform: uppercase; font-weight: 400; letter-spacing: 0px;\" >Our Wines<\/h1>\n\t<\/div> [vc_tta_tabs style=&#8221;theme&#8221; alignment=&#8221;center&#8221; active_section=&#8221;1&#8243; el_class=&#8221;collection_name_for_mobile_home&#8221;][vc_tta_section title=&#8221;APERTUS&#8221; tab_id=&#8221;1497513677380-05aa3280-2f3f&#8221; el_class=&#8221;home_page_collections_name&#8221;][vc_row_inner equal_height=&#8221;yes&#8221;][vc_column_inner width=&#8221;1\/2&#8243;][vc_single_image image=&#8221;17417&#8243; img_size=&#8221;large&#8221; alignment=&#8221;center&#8221; el_class=&#8221;max-width-25-img&#8221; css=&#8221;.vc_custom_1763990194189{padding-right: 30% !important;padding-left: 30% !important;}&#8221;][\/vc_column_inner][vc_column_inner el_class=&#8221;home_page_wine_details&#8221; width=&#8221;1\/2&#8243;]\n\t<div class=\"title-subtitle-box   \" style=\" text-align: left;\">\n\t\t<h3 style=\" text-transform: uppercase; font-weight: 300; letter-spacing: 0px;\" >Feteasc\u0103 Neagr\u0103-Rar\u0103 Neagr\u0103<\/h3>\n\t<\/div> \n\t<div class=\"gg-infobox  \" style=\"text-align:left;\">\n\t\t\n\t\t<h4 >Origin<\/h4>\n\t\t<div class=\"description\" ><p style=\"font-weight: 400;\">South\u2011Eastern Moldova<\/p>\n<\/div>\n\t<\/div> \n\t<div class=\"gg-infobox  \" style=\"text-align:left;\">\n\t\t\n\t\t<h4 >Bottle Volume<\/h4>\n\t\t<div class=\"description\" ><p>750ml<\/p>\n<\/div>\n\t<\/div> \n\t<div class=\"gg-infobox  \" style=\"text-align:left;\">\n\t\t\n\t\t<h4 >About the Collection<\/h4>\n\t\t<div class=\"description\" ><p>The APERTUS wine series marks 30 years since the founding of S\u0103lcu\u021ba Winery \u2014 a unique story shaped by three generations. It is an invitation to remain open to rediscovering the beauty of Moldovan wine. The wines in this collection stand out through complexity, balance, and elegance, reflecting the maturity and craftsmanship refined over time. Each glass of APERTUS reveals the depth of the terroir and the passion behind its creation, turning every tasting into an authentic and memorable experience.<\/p>\n<\/div>\n\t<\/div> [vc_btn title=&#8221;Descoper\u0103 vinul&#8221; style=&#8221;custom&#8221; custom_background=&#8221;#ac8a51&#8243; custom_text=&#8221;#ffffff&#8221; shape=&#8221;square&#8221; link=&#8221;url:%2Fprodus%2Ffeteasca-neagra-rara-neagra%2F|||&#8221;][vc_btn title=&#8221;Vezi tot&#8221; style=&#8221;custom&#8221; custom_background=&#8221;#000000&#8243; custom_text=&#8221;#ffffff&#8221; shape=&#8221;square&#8221; link=&#8221;url:%2Fvinuri%2F%3Ffilters%3Dcollection%5B195%5D|||&#8221; css=&#8221;.vc_custom_1763735338165{margin-left: 30px !important;}&#8221;][\/vc_column_inner][\/vc_row_inner][\/vc_tta_section][vc_tta_section title=&#8221;EPIZ\u014cD&#8221; tab_id=&#8221;1763735106449-ce8dfc35-8e97&#8243; el_class=&#8221;home_page_collections_name&#8221;][vc_row_inner equal_height=&#8221;yes&#8221;][vc_column_inner width=&#8221;1\/2&#8243;][vc_single_image image=&#8221;17523&#8243; img_size=&#8221;full&#8221; alignment=&#8221;center&#8221; el_class=&#8221;max-width-25-img&#8221; css=&#8221;.vc_custom_1763992443261{padding-right: 30% !important;padding-left: 30% !important;}&#8221;][\/vc_column_inner][vc_column_inner el_class=&#8221;home_page_wine_details&#8221; width=&#8221;1\/2&#8243;]\n\t<div class=\"title-subtitle-box   \" style=\" text-align: left;\">\n\t\t<h2 style=\" text-transform: uppercase; font-weight: 400; letter-spacing: 0px;\" >Saperavi<\/h2>\n\t<\/div> \n\t<div class=\"gg-infobox  \" style=\"text-align:left;\">\n\t\t\n\t\t<h4 >Origin<\/h4>\n\t\t<div class=\"description\" ><p style=\"font-weight: 400;\">South\u2011Eastern Moldova<\/p>\n<\/div>\n\t<\/div> \n\t<div class=\"gg-infobox  \" style=\"text-align:left;\">\n\t\t\n\t\t<h4 >Bottle Volume<\/h4>\n\t\t<div class=\"description\" ><p>750ml<\/p>\n<\/div>\n\t<\/div> \n\t<div class=\"gg-infobox  \" style=\"text-align:left;\">\n\t\t\n\t\t<h4 >About the Collection<\/h4>\n\t\t<div class=\"description\" ><p>A meticulously aged wine collection, matured in French oak barrels to reveal character and individuality. Named EPIZ\u014cD, the collection reflects the core vision of the S\u0103lcu\u021ba family: a wine is a long journey toward excellence, shaped through multiple stages by the winemaker. Each wine carries the imprint of the three winemakers and represents an episode within an ongoing work of art.<\/p>\n<\/div>\n\t<\/div> [vc_btn title=&#8221;Descoper\u0103 vinul&#8221; style=&#8221;custom&#8221; custom_background=&#8221;#ac8a51&#8243; custom_text=&#8221;#ffffff&#8221; shape=&#8221;square&#8221; link=&#8221;url:%2Fprodus%2Fsaperavi%2F|||&#8221;][vc_btn title=&#8221;Vezi tot&#8221; style=&#8221;custom&#8221; custom_background=&#8221;#000000&#8243; custom_text=&#8221;#ffffff&#8221; shape=&#8221;square&#8221; link=&#8221;url:%2Fvinuri%2F%3Ffilters%3Dcollection%5B100%5D|||&#8221; css=&#8221;.vc_custom_1763990603211{margin-left: 30px !important;}&#8221;][\/vc_column_inner][\/vc_row_inner][\/vc_tta_section][vc_tta_section title=&#8221;ENO&#8221; tab_id=&#8221;1763735105466-ad80045a-11ed&#8221; el_class=&#8221;home_page_collections_name&#8221;][vc_row_inner equal_height=&#8221;yes&#8221;][vc_column_inner width=&#8221;1\/2&#8243;][vc_single_image image=&#8221;17655&#8243; img_size=&#8221;large&#8221; alignment=&#8221;center&#8221; el_class=&#8221;max-width-25-img&#8221; css=&#8221;.vc_custom_1765880509724{padding-right: 30% !important;padding-left: 30% !important;}&#8221;][\/vc_column_inner][vc_column_inner el_class=&#8221;home_page_wine_details&#8221; width=&#8221;1\/2&#8243;]\n\t<div class=\"title-subtitle-box   \" style=\" text-align: left;\">\n\t\t<h3 style=\" text-transform: uppercase; font-weight: 400; letter-spacing: 0px;\" >T\u0103m\u00e2ioas\u0103 De S\u0103lcu\u021ba<\/h3>\n\t<\/div> \n\t<div class=\"gg-infobox  \" style=\"text-align:left;\">\n\t\t\n\t\t<h4 >Origin<\/h4>\n\t\t<div class=\"description\" ><p>South\u2011Eastern Moldova<\/p>\n<\/div>\n\t<\/div> \n\t<div class=\"gg-infobox  \" style=\"text-align:left;\">\n\t\t\n\t\t<h4 >Bottle Volume<\/h4>\n\t\t<div class=\"description\" ><p>750ml<\/p>\n<\/div>\n\t<\/div> \n\t<div class=\"gg-infobox  \" style=\"text-align:left;\">\n\t\t\n\t\t<h4 >About the Collection<\/h4>\n\t\t<div class=\"description\" ><p>The ENO Collection redefines purity and the noble character of S\u0103lcu\u021ba\u2019s signature grape varieties. This collection brings together three unique blends, each crafted to showcase innovation in winemaking. The ENO wines embody a living message of harmony between grapes selected from S\u0103lcu\u021ba\u2019s finest vineyards and the modernist vision of our winemakers.<\/p>\n<\/div>\n\t<\/div> [vc_btn title=&#8221;Descoper\u0103 vinul&#8221; style=&#8221;custom&#8221; custom_background=&#8221;#ac8a51&#8243; custom_text=&#8221;#ffffff&#8221; shape=&#8221;square&#8221; link=&#8221;url:%2Fprodus%2Fnoble-e-la-rose%2F|||&#8221;][vc_btn title=&#8221;Vezi tot&#8221; style=&#8221;custom&#8221; custom_background=&#8221;#000000&#8243; custom_text=&#8221;#ffffff&#8221; shape=&#8221;square&#8221; link=&#8221;url:%2Fvinuri%2F%3Ffilters%3Dcollection%5B97%5D|||&#8221; css=&#8221;.vc_custom_1763735874118{margin-left: 30px !important;}&#8221;][\/vc_column_inner][\/vc_row_inner][\/vc_tta_section][vc_tta_section title=&#8221;WINEMAKER\u2019S WAY&#8221; tab_id=&#8221;1763735104138-f1a1565d-48f8&#8243; el_class=&#8221;home_page_collections_name&#8221;][vc_row_inner equal_height=&#8221;yes&#8221;][vc_column_inner width=&#8221;1\/2&#8243;][vc_single_image image=&#8221;17540&#8243; img_size=&#8221;large&#8221; alignment=&#8221;center&#8221; el_class=&#8221;max-width-25-img&#8221; css=&#8221;.vc_custom_1764078732041{padding-right: 30% !important;padding-left: 30% !important;}&#8221;][\/vc_column_inner][vc_column_inner el_class=&#8221;home_page_wine_details&#8221; width=&#8221;1\/2&#8243;]\n\t<div class=\"title-subtitle-box   \" style=\" text-align: left;\">\n\t\t<h3 style=\" text-transform: uppercase; font-weight: 400; letter-spacing: 0px;\" >Rar\u0103 Neagr\u0103<\/h3>\n\t<\/div> \n\t<div class=\"gg-infobox  \" style=\"text-align:left;\">\n\t\t\n\t\t<h4 >Origin<\/h4>\n\t\t<div class=\"description\" ><p style=\"font-weight: 400;\">South\u2011Eastern Moldova<\/p>\n<\/div>\n\t<\/div> \n\t<div class=\"gg-infobox  \" style=\"text-align:left;\">\n\t\t\n\t\t<h4 >Bottle Volume<\/h4>\n\t\t<div class=\"description\" ><p>750ml<\/p>\n<\/div>\n\t<\/div> \n\t<div class=\"gg-infobox  \" style=\"text-align:left;\">\n\t\t\n\t\t<h4 >About the Collection<\/h4>\n\t\t<div class=\"description\" ><p>A refined collection of fresh wines crafted from grape selections defined by vibrancy and expressive fruit aromas. Oak maturation is applied selectively to highlight and elevate the wines\u2019 character and overall style. These wines pair beautifully with a wide variety of dishes, yet remain equally enjoyable on their own.<\/p>\n<\/div>\n\t<\/div> [vc_btn title=&#8221;Descoper\u0103 vinul&#8221; style=&#8221;custom&#8221; custom_background=&#8221;#ac8a51&#8243; custom_text=&#8221;#ffffff&#8221; shape=&#8221;square&#8221; link=&#8221;url:%2Fprodus%2Fvalverde-pinot-gris%2F|||&#8221;][vc_btn title=&#8221;Vezi tot&#8221; style=&#8221;custom&#8221; custom_background=&#8221;#000000&#8243; custom_text=&#8221;#ffffff&#8221; shape=&#8221;square&#8221; link=&#8221;url:%2Fvinuri%2F%3Ffilters%3Dcollection%5B94%5D|||&#8221; css=&#8221;.vc_custom_1763736022631{margin-left: 30px !important;}&#8221;][\/vc_column_inner][\/vc_row_inner][\/vc_tta_section][vc_tta_section title=&#8221;VALVERDE&#8221; tab_id=&#8221;1763735165094-3a211896-aa39&#8243; el_class=&#8221;home_page_collections_name12&#8243;][vc_row_inner equal_height=&#8221;yes&#8221;][vc_column_inner width=&#8221;1\/2&#8243;][vc_single_image image=&#8221;17546&#8243; img_size=&#8221;large&#8221; alignment=&#8221;center&#8221; el_class=&#8221;max-width-25-img&#8221; css=&#8221;.vc_custom_1764079228582{padding-right: 30% !important;padding-left: 30% !important;}&#8221;][\/vc_column_inner][vc_column_inner el_class=&#8221;home_page_wine_details&#8221; width=&#8221;1\/2&#8243;]\n\t<div class=\"title-subtitle-box   \" style=\" text-align: left;\">\n\t\t<h3 style=\" text-transform: uppercase; font-weight: 300; letter-spacing: 0px;\" >Pinot Gris<\/h3>\n\t<\/div> \n\t<div class=\"gg-infobox  \" style=\"text-align:left;\">\n\t\t\n\t\t<h4 >Origin<\/h4>\n\t\t<div class=\"description\" ><p>South\u2011Eastern Moldova<\/p>\n<\/div>\n\t<\/div> \n\t<div class=\"gg-infobox  \" style=\"text-align:left;\">\n\t\t\n\t\t<h4 >Bottle Volume<\/h4>\n\t\t<div class=\"description\" ><p>750ml<\/p>\n<\/div>\n\t<\/div> \n\t<div class=\"gg-infobox  \" style=\"text-align:left;\">\n\t\t\n\t\t<h4 >About the Collection<\/h4>\n\t\t<div class=\"description\" ><p>Inspired by the tranquility and refinement of the vineyard landscape, the VALVERDE wine collection brings to the glass the freshness and balance of a gentle wave gliding gracefully across the S\u0103lcu\u021ba vineyards. Each wine captures the natural character of the variety and the finesse of its expression, offering an experience defined by purity, freshness, and harmony. VALVERDE highlights the elegance of international grape varieties and the modern spirit of winemaking, turning every glass into a moment of genuine pleasure.<\/p>\n<\/div>\n\t<\/div> [vc_btn title=&#8221;Descoper\u0103 vinul&#8221; style=&#8221;custom&#8221; custom_background=&#8221;#ac8a51&#8243; custom_text=&#8221;#ffffff&#8221; shape=&#8221;square&#8221; link=&#8221;url:%2Fprodus%2Fvalverde-merlot%2F|||&#8221;][vc_btn title=&#8221;Vezi tot&#8221; style=&#8221;custom&#8221; custom_background=&#8221;#000000&#8243; custom_text=&#8221;#ffffff&#8221; shape=&#8221;square&#8221; link=&#8221;url:%2Fvinuri%2F%3Ffilters%3Dcollection%5B196%5D|||&#8221; css=&#8221;.vc_custom_1763736193853{margin-left: 30px !important;}&#8221;][\/vc_column_inner][\/vc_row_inner][\/vc_tta_section][\/vc_tta_tabs][\/vc_column][\/vc_row][vc_row full_width=&#8221;stretch_row&#8221; equal_height=&#8221;yes&#8221; content_placement=&#8221;middle&#8221; disable_element=&#8221;yes&#8221; css=&#8221;.vc_custom_1565099215019{padding-bottom: 0px !important;background-color: #f1f1f1 !important;}&#8221;][vc_column css=&#8221;.vc_custom_1564562534959{padding-top: 0px !important;padding-right: 0px !important;padding-bottom: 0px !important;padding-left: 0px !important;}&#8221; el_class=&#8221;image_box_big_home&#8221;]\n\t<div class=\"featured-image-box  text-align-center normal_hover_style\">\n\t\t<figure class=\" sadie default\">\n\t\t\t<a href=\"https:\/\/wine.mnews.md\/tour-tasting\/\" title=\"Tour &amp; tasting\" target=\"_self\"> <img decoding=\"async\" class=\"wp-post-image default\" src=\"https:\/\/wine.mnews.md\/wp-content\/uploads\/2019\/08\/Eola-Hills-Legacy-Vineyard-Andrea-Johnson-1.jpg\" alt=\"\" \/> <\/a>\n\t\t<figcaption>\n\t\t\t<a href=\"https:\/\/wine.mnews.md\/tour-tasting\/\" title=\"Tour &amp; tasting\" target=\"_self\"><\/a>\n\t\t\t<h4>TOUR &amp; TASTINGS<\/h4>\n\t\t\t<p>Join us in our historic tasting room and enjoy a wide-range of varietals including award-winning wines from the finest regions<\/p>\n\t\t<\/figcaption>\n\t\t<\/figure>\n\t<\/div> [\/vc_column][\/vc_row][vc_row full_width=&#8221;stretch_row&#8221; equal_height=&#8221;yes&#8221; content_placement=&#8221;top&#8221; disable_element=&#8221;yes&#8221; css=&#8221;.vc_custom_1565099209659{padding-top: 0px !important;padding-bottom: 70px !important;background-color: #f1f1f1 !important;}&#8221;][vc_column width=&#8221;1\/2&#8243; css=&#8221;.vc_custom_1564734354883{padding-right: 0px !important;padding-bottom: 0px !important;padding-left: 0px !important;}&#8221; el_class=&#8221;image_box_big_home vc_col-sm-6 vc_col-md-4 vc_col-lg-4&#8243;]\n\t<div class=\"featured-image-box  text-align-center normal_hover_style\">\n\t\t<figure class=\" sadie default\">\n\t\t\t<a href=\"https:\/\/wine.mnews.md\/wine-club\/\" title=\"Wine Club\" target=\"_self\"> <img decoding=\"async\" class=\"wp-post-image default\" src=\"https:\/\/wine.mnews.md\/wp-content\/uploads\/2019\/08\/Eola-Hills-Legacy-Vineyard-Andrea-Johnson-1.jpg\" alt=\"\" \/> <\/a>\n\t\t<figcaption>\n\t\t\t<a href=\"https:\/\/wine.mnews.md\/wine-club\/\" title=\"Wine Club\" target=\"_self\"><\/a>\n\t\t\t<h4>WINE CLUB<\/h4>\n\t\t\t<p>Join us in our historic tasting room and enjoy a wide-range of varietals including award-winning wines from the finest regions<\/p>\n\t\t<\/figcaption>\n\t\t<\/figure>\n\t<\/div> [\/vc_column][vc_column width=&#8221;1\/2&#8243; css=&#8221;.vc_custom_1565078964998{padding-right: 0px !important;padding-bottom: 0px !important;padding-left: 0px !important;}&#8221; el_class=&#8221;image_box_big_home vc_col-sm-6 vc_col-md-4 vc_col-lg-4 home_page_big_hover_img&#8221;]\n\t<div class=\"featured-image-box  text-align-center normal_hover_style\">\n\t\t<figure class=\" sadie default\">\n\t\t\t<a href=\"https:\/\/wine.mnews.md\/events\/\" title=\"events\" target=\"_self\"> <img decoding=\"async\" class=\"wp-post-image default\" src=\"https:\/\/wine.mnews.md\/wp-content\/uploads\/2019\/08\/Eola-Hills-Legacy-Vineyard-Andrea-Johnson-1.jpg\" alt=\"\" \/> <\/a>\n\t\t<figcaption>\n\t\t\t<a href=\"https:\/\/wine.mnews.md\/events\/\" title=\"events\" target=\"_self\"><\/a>\n\t\t\t<h4>EVENTS<\/h4>\n\t\t\t<p>Join us in our historic tasting room and enjoy a wide-range of varietals including award-winning wines from the finest regions<\/p>\n\t\t<\/figcaption>\n\t\t<\/figure>\n\t<\/div> [\/vc_column][vc_column el_class=&#8221;image_box_big_home vc_col-lg-4 vc_col-md-4 vc_col-sm-12&#8243; css=&#8221;.vc_custom_1564735153345{padding-right: 0px !important;padding-left: 0px !important;}&#8221;]\n\t<div class=\"featured-image-box  text-align-center normal_hover_style\">\n\t\t<figure class=\" sadie default\">\n\t\t\t<a href=\"https:\/\/wine.mnews.md\/restaurant\/\" title=\"Restaurant\" target=\"_self\"> <img decoding=\"async\" class=\"wp-post-image default\" src=\"https:\/\/wine.mnews.md\/wp-content\/uploads\/2019\/08\/Eola-Hills-Legacy-Vineyard-Andrea-Johnson-1.jpg\" alt=\"\" \/> <\/a>\n\t\t<figcaption>\n\t\t\t<a href=\"https:\/\/wine.mnews.md\/restaurant\/\" title=\"Restaurant\" target=\"_self\"><\/a>\n\t\t\t<h4>RESTAURANT<\/h4>\n\t\t\t<p>Join us in our historic tasting room and enjoy a wide-range of varietals including award-winning wines from the finest regions<\/p>\n\t\t<\/figcaption>\n\t\t<\/figure>\n\t<\/div> [\/vc_column][\/vc_row][vc_row equal_height=&#8221;yes&#8221; content_placement=&#8221;middle&#8221;][vc_column offset=&#8221;vc_col-lg-4&#8243; el_class=&#8221;clasa_mobil_titlu&#8221;]\n\t<div class=\"title-subtitle-box   \" style=\" text-align: left;\">\n\t\t<span class=\"toptitle\"><\/span>\n\t\t<h1 style=\" text-transform: uppercase; font-weight: 400; letter-spacing: 0px;\" >Moldova\u2019s<br \/>Most Exceptional Wines<\/h1>\n\t\t<div class=\"subtitle\" style=\"\"><p>A continuous pursuit to express the uniqueness of our terroir \u2014 to captivate and inspire wine lovers around the world with creations that stand apart.<\/p>\n<\/div>\n\t<\/div> [\/vc_column][vc_column offset=&#8221;vc_col-lg-8&#8243;][vc_row_inner css=&#8221;.vc_custom_1565080950141{padding-top: 0px !important;padding-right: 10% !important;padding-bottom: 0px !important;padding-left: 10% !important;}&#8221; el_class=&#8221;home_page_last_section_img_block&#8221;][vc_column_inner width=&#8221;1\/2&#8243;]\n\t<div class=\"featured-image-box  text-align-center normal_hover_style\">\n\t\t<figure class=\" sadie default\">\n\t\t\t<a href=\"https:\/\/wine.mnews.md\/povestea-noastra\/\" title=\"Our history\" target=\"_self\"> <img decoding=\"async\" class=\"wp-post-image default\" src=\"https:\/\/wine.mnews.md\/wp-content\/uploads\/2020\/09\/povestea_salcuta_wine.jpg\" alt=\"\" \/> <\/a>\n\t\t<figcaption>\n\t\t\t<a href=\"https:\/\/wine.mnews.md\/povestea-noastra\/\" title=\"Our history\" target=\"_self\"><\/a>\n\t\t\t<h4>The Story<\/h4>\n\t\t\t<p><\/p>\n\t\t<\/figcaption>\n\t\t<\/figure>\n\t<\/div> \n\t<div class=\"featured-image-box  text-align-center normal_hover_style\">\n\t\t<figure class=\" sadie default\">\n\t\t\t<a href=\"https:\/\/wine.mnews.md\/winemaking\/\" title=\"Winemaking\" target=\"_self\"> <img decoding=\"async\" class=\"wp-post-image default\" src=\"https:\/\/wine.mnews.md\/wp-content\/uploads\/2020\/08\/rsz_2winemaking-1.jpg\" alt=\"\" \/> <\/a>\n\t\t<figcaption>\n\t\t\t<a href=\"https:\/\/wine.mnews.md\/winemaking\/\" title=\"Winemaking\" target=\"_self\"><\/a>\n\t\t\t<h4>Winemaking<\/h4>\n\t\t\t<p><\/p>\n\t\t<\/figcaption>\n\t\t<\/figure>\n\t<\/div> [\/vc_column_inner][vc_column_inner width=&#8221;1\/2&#8243;]\n\t<div class=\"featured-image-box  text-align-center normal_hover_style\">\n\t\t<figure class=\" sadie default\">\n\t\t\t<a href=\"https:\/\/wine.mnews.md\/our-history\/\" title=\"Our history\" target=\"_self\"> <img decoding=\"async\" class=\"wp-post-image default\" src=\"https:\/\/wine.mnews.md\/wp-content\/uploads\/2020\/09\/istoria_salcuta_wine.jpg\" alt=\"\" \/> <\/a>\n\t\t<figcaption>\n\t\t\t<a href=\"https:\/\/wine.mnews.md\/our-history\/\" title=\"Our history\" target=\"_self\"><\/a>\n\t\t\t<h4>Our History<\/h4>\n\t\t\t<p><\/p>\n\t\t<\/figcaption>\n\t\t<\/figure>\n\t<\/div> \n\t<div class=\"featured-image-box  text-align-center normal_hover_style\">\n\t\t<figure class=\" sadie default\">\n\t\t\t<a href=\"https:\/\/wine.mnews.md\/vineyard\/\" title=\"Vineyard\" target=\"_self\"> <img decoding=\"async\" class=\"wp-post-image default\" src=\"https:\/\/wine.mnews.md\/wp-content\/uploads\/2020\/09\/vie_salcuta_wine.jpg\" alt=\"\" \/> <\/a>\n\t\t<figcaption>\n\t\t\t<a href=\"https:\/\/wine.mnews.md\/vineyard\/\" title=\"Vineyard\" target=\"_self\"><\/a>\n\t\t\t<h4>Vineyards<\/h4>\n\t\t\t<p><\/p>\n\t\t<\/figcaption>\n\t\t<\/figure>\n\t<\/div> [\/vc_column_inner][\/vc_row_inner][\/vc_column][\/vc_row]<\/p>\n","protected":false},"excerpt":{"rendered":"<p>[vc_row css=&#8221;.vc_custom_1497510936674{padding-top: 0px !important;}&#8221;][vc_column][vc_empty_space][\/vc_column][vc_column width=&#8221;1\/2&#8243;][vc_row_inner][vc_column_inner][\/vc_column_inner][\/vc_row_inner][vc_column_text css=&#8221;.vc_custom_1770721757125{margin-bottom: 0px !important;padding-top: 0px !important;padding-right: 10% !important;padding-bottom: 10% !important;padding-left: 10% !important;}&#8221;]&nbsp; The only winery in Moldova whose legacy has been carried through three generations, shaped by a unique terroir in the Protected Geographical Indication region of \u0218tefan Vod\u0103.[\/vc_column_text][vc_single_image image=&#8221;17645&#8243; img_size=&#8221;full&#8221; css=&#8221;.vc_custom_1765452678487{margin-bottom: 0px !important;}&#8221;][\/vc_column][vc_column width=&#8221;1\/2&#8243;][vc_single_image image=&#8221;17652&#8243; img_size=&#8221;full&#8221; css=&#8221;.vc_custom_1765462827033{margin-bottom: 0px !important;}&#8221;][vc_column_text css=&#8221;.vc_custom_1770708311991{margin-bottom:<br class=\"read-more-spacer\"> <a class=\"more-link\" href=\"https:\/\/wine.mnews.md\/en\/\">Read More<\/a><\/p>\n","protected":false},"author":1,"featured_media":0,"parent":0,"menu_order":0,"comment_status":"closed","ping_status":"closed","template":"","meta":{"footnotes":""},"class_list":["post-2029","page","type-page","status-publish","hentry"],"_links":{"self":[{"href":"https:\/\/wine.mnews.md\/en\/wp-json\/wp\/v2\/pages\/2029","targetHints":{"allow":["GET"]}}],"collection":[{"href":"https:\/\/wine.mnews.md\/en\/wp-json\/wp\/v2\/pages"}],"about":[{"href":"https:\/\/wine.mnews.md\/en\/wp-json\/wp\/v2\/types\/page"}],"author":[{"embeddable":true,"href":"https:\/\/wine.mnews.md\/en\/wp-json\/wp\/v2\/users\/1"}],"replies":[{"embeddable":true,"href":"https:\/\/wine.mnews.md\/en\/wp-json\/wp\/v2\/comments?post=2029"}],"version-history":[{"count":54,"href":"https:\/\/wine.mnews.md\/en\/wp-json\/wp\/v2\/pages\/2029\/revisions"}],"predecessor-version":[{"id":17751,"href":"https:\/\/wine.mnews.md\/en\/wp-json\/wp\/v2\/pages\/2029\/revisions\/17751"}],"wp:attachment":[{"href":"https:\/\/wine.mnews.md\/en\/wp-json\/wp\/v2\/media?parent=2029"}],"curies":[{"name":"wp","href":"https:\/\/api.w.org\/{rel}","templated":true}]}}